{"id":1581,"date":"2024-06-09T17:42:47","date_gmt":"2024-06-09T20:42:47","guid":{"rendered":"https:\/\/sandra-o.com.br\/loja\/?post_type=product&#038;p=1581"},"modified":"2025-09-20T17:34:45","modified_gmt":"2025-09-20T20:34:45","slug":"coletor-menstrual-inciclo","status":"publish","type":"product","link":"https:\/\/sandra-o.com.br\/loja\/produto\/coletor-menstrual-inciclo\/","title":{"rendered":"Coletor Menstrual Inciclo"},"content":{"rendered":"<p>COLETOR MENSTRUAL INCICLO<\/p>\n<p>O Coletor da Inciclo \u00e9 o \u00fanico no Brasil fabricado com<strong> tecnologia alem\u00e3<\/strong> e produzido em silicone medicinal hipoalerg\u00eanico.<\/p>\n<p>Em pesquisa realizada com usu\u00e1rias de coletor menstrual, 70% afirmam que o NOVO coletor menstrual da Inciclo \u00e9 mais f\u00e1cil de usar, 85% acham mais confort\u00e1vel e recomendam seu uso.<\/p>\n<p>MODELOS DISPON\u00cdVEIS<\/p>\n<p><strong>Modelo A<\/strong> &#8211; Para pessoas com mais de 30 anos e\/ou para pessoas que j\u00e1 passaram por algum tipo de parto. A quantidade de fluxo, porte f\u00edsico, altura do colo do \u00fatero, tipo de parto e o fato de praticar atividades f\u00edsicas n\u00e3o interferem na escolha do modelo.<\/p>\n<p><strong>Modelo B<\/strong> &#8211; Para pessoas entre 20 e 29 anos e que nunca passaram por nenhum tipo de parto.<\/p>\n<p><strong>Modelo Teen<\/strong> &#8211; Para a primeira menstrua\u00e7\u00e3o at\u00e9 os 19 anos e que nunca passaram por nenhum tipo de parto.<\/p>\n<p>CARACTER\u00cdTICAS NO NOVO COLETOR<\/p>\n<p><strong>Mais f\u00e1cil de encaixar<\/strong> \u2013 O novo coletor abre e forma o v\u00e1cuo muito mais f\u00e1cil. Ele se mant\u00e9m no lugar independente dos movimentos que voc\u00ea fa\u00e7a, gra\u00e7as aos ajustes feitos no design, espessura da pe\u00e7a e maleabilidade do silicone.<\/p>\n<p><strong>Mais f\u00e1cil de colocar<\/strong> \u2013 O acabamento aveludado no corpo do coletor faz com que ele seja mais macio e com isso, proporciona maior conforto. Sua borda mais lisa ajuda a deslizar mais f\u00e1cil no seu canal vaginal.<\/p>\n<p><strong>Mais f\u00e1cil de retirar<\/strong> \u2013 Tanto a base, quanto a haste t\u00eam texturas que aumentam o atrito dos dedos e facilitam a retirada. A haste tamb\u00e9m est\u00e1 melhor. Agora, ela \u00e9 arredondada e mais male\u00e1vel.<\/p>\n<p><strong>N\u00e3o vaza<\/strong><\/p>\n<p><strong>Livre de subst\u00e2ncias t\u00f3xicas<\/strong>: como l\u00e1tex, pl\u00e1stico, gel, bisfenol, dioxina, cola e perfume.<\/p>\n<p>COMO ESTERELIZAR<\/p>\n<p>O silicone hipoalerg\u00eanico \u00e9 um material de f\u00e1cil higieniza\u00e7\u00e3o. Lave o seu coletor menstrual com \u00e1gua e o Sabonete L\u00edquido Inciclo e enxague-o bem a cada troca. Ao final de cada ciclo, voc\u00ea deve esterilizar o coletor com a C\u00e1psula Esterilizadora ou a Panelinha de \u00c1gata Inciclo.<\/p>\n<p>GARANTIA INCICLO<\/p>\n<p>S\u00f3 a Inciclo te d\u00e1 1 ano para amar e testar seu coletor<\/p>\n<p>Para participar, cadastre-se no desafio, confira as regras no formul\u00e1rio da Inciclo e lembre-se:<\/p>\n<ul>\n<li>\u00c9 necess\u00e1rio preencher corretamente o formul\u00e1rio em at\u00e9 30 dias ap\u00f3s a emiss\u00e3o da Nota Fiscal;<\/li>\n<\/ul>\n<p>Mais informa\u00e7\u00f5es no manual de uso do produto.<\/p>\n","protected":false},"excerpt":{"rendered":"<p>COLETOR MENSTRUAL INCICLO O Coletor da Inciclo \u00e9 o \u00fanico no Brasil fabricado com tecnologia alem\u00e3 e produzido em silicone medicinal hipoalerg\u00eanico. Em pesquisa realizada com usu\u00e1rias de coletor menstrual,<\/p>\n","protected":false},"featured_media":1583,"comment_status":"open","ping_status":"closed","template":"","meta":[],"product_brand":[],"product_cat":[175],"product_tag":[],"class_list":{"0":"post-1581","1":"product","2":"type-product","3":"status-publish","6":"product_cat-cuidados-femininos","8":"first","9":"instock","10":"shipping-taxable","11":"product-type-external"},"_links":{"self":[{"href":"https:\/\/sandra-o.com.br\/loja\/wp-json\/wp\/v2\/product\/1581","targetHints":{"allow":["GET"]}}],"collection":[{"href":"https:\/\/sandra-o.com.br\/loja\/wp-json\/wp\/v2\/product"}],"about":[{"href":"https:\/\/sandra-o.com.br\/loja\/wp-json\/wp\/v2\/types\/product"}],"replies":[{"embeddable":true,"href":"https:\/\/sandra-o.com.br\/loja\/wp-json\/wp\/v2\/comments?post=1581"}],"wp:featuredmedia":[{"embeddable":true,"href":"https:\/\/sandra-o.com.br\/loja\/wp-json\/wp\/v2\/media\/1583"}],"wp:attachment":[{"href":"https:\/\/sandra-o.com.br\/loja\/wp-json\/wp\/v2\/media?parent=1581"}],"wp:term":[{"taxonomy":"product_brand","embeddable":true,"href":"https:\/\/sandra-o.com.br\/loja\/wp-json\/wp\/v2\/product_brand?post=1581"},{"taxonomy":"product_cat","embeddable":true,"href":"https:\/\/sandra-o.com.br\/loja\/wp-json\/wp\/v2\/product_cat?post=1581"},{"taxonomy":"product_tag","embeddable":true,"href":"https:\/\/sandra-o.com.br\/loja\/wp-json\/wp\/v2\/product_tag?post=1581"}],"curies":[{"name":"wp","href":"https:\/\/api.w.org\/{rel}","templated":true}]}}