{"id":1575,"date":"2024-05-31T14:46:04","date_gmt":"2024-05-31T17:46:04","guid":{"rendered":"https:\/\/sandra-o.com.br\/loja\/?post_type=product&#038;p=1575"},"modified":"2025-09-04T05:14:53","modified_gmt":"2025-09-04T08:14:53","slug":"gel-lubrificante-intimo-a-base-de-agua-lubrigel-250g-carbogel-ky","status":"publish","type":"product","link":"https:\/\/sandra-o.com.br\/loja\/produto\/gel-lubrificante-intimo-a-base-de-agua-lubrigel-250g-carbogel-ky\/","title":{"rendered":"Gel Lubrificante \u00cdntimo \u00e0 Base de \u00e1gua Lubrigel 250g Carbogel Ky"},"content":{"rendered":"<p data-pm-slice=\"1 1 []\">GEL LUBRIFICANTE \u00cdNTIMO \u00c0 BASE DE \u00c1GUA LUBRIGEL 250g cARBOGEL KY<\/p>\n<p data-pm-slice=\"1 1 []\">Lubrigel \u00e9 um lubrificante \u00edntimo neutro, \u00e0 base de \u00e1gua que vai transformar suas rela\u00e7\u00f5es \u00edntimas!<\/p>\n<p data-pm-slice=\"1 1 []\">Compat\u00edvel com preservativos, ele garante seguran\u00e7a e evita rompimentos. Al\u00e9m disso, \u00e9 hipoalerg\u00eanico, ent\u00e3o pode esquecer as irrita\u00e7\u00f5es. A melhor parte? N\u00e3o mancha suas roupas ou len\u00e7\u00f3is, permitindo uma experi\u00eancia sem preocupa\u00e7\u00f5es. Seja para uso vaginal ou anal, ele reduz o atrito e proporciona conforto m\u00e1ximo. F\u00e1cil de remover e com pH neutro, \u00e9 a escolha perfeita para quem busca prazer e seguran\u00e7a. O link do lubrificante t\u00e1 l\u00e1 nos destaques em Produtos. Corre l\u00e1! Me siga para mais dicas de produtos como esse!<\/p>\n<p data-pm-slice=\"1 1 []\"><strong>Caracter\u00edsticas Principais: <\/strong><\/p>\n<p data-pm-slice=\"1 1 []\">Compat\u00edvel com Preservativos &#8211; Pode ser usado com preservativos sem comprometer a efic\u00e1cia.<\/p>\n<p data-pm-slice=\"1 1 []\">Hipoalerg\u00eanico &#8211; N\u00e3o causa rea\u00e7\u00f5es al\u00e9rgicas, proporcionando tranquilidade e conforto durante o uso.<\/p>\n<p data-pm-slice=\"1 1 []\">N\u00e3o Provoca Manchas &#8211; Em contato com vestimentas e len\u00e7\u00f3is, n\u00e3o causa manchas, garantindo uma experi\u00eancia livre de preocupa\u00e7\u00f5es.<\/p>\n<p data-pm-slice=\"1 1 []\">Composi\u00e7\u00e3o de Qualidade &#8211; Fabricado em laborat\u00f3rio de n\u00edvel farmac\u00eautico e hospitalar, com ingredientes de m\u00e1xima qualidade, incluindo pol\u00edmero carboxivin\u00edlico, conservante, trietanolamina, propilenoglicol e \u00e1gua purificada.<\/p>\n<p data-pm-slice=\"1 1 []\"><strong>Indica\u00e7\u00e3o de Uso: <\/strong><\/p>\n<p data-pm-slice=\"1 1 []\">O Lubrigel \u00e9 indicado para a lubrifica\u00e7\u00e3o \u00edntima durante as rela\u00e7\u00f5es sexuais, seja vaginal ou anal. Sua f\u00f3rmula \u00e0 base de \u00e1gua reduz o atrito, proporcionando maior conforto e prazer. Al\u00e9m disso, \u00e9 facilmente remov\u00edvel ap\u00f3s o uso, n\u00e3o sendo gorduroso e possuindo pH neutro.<\/p>\n<p data-pm-slice=\"1 1 []\"><strong>Benef\u00edcios do Lubrigel: <\/strong><\/p>\n<p data-pm-slice=\"1 1 []\">Evita Hemorroidas.<\/p>\n<p data-pm-slice=\"1 1 []\">Facilita durante o ato sexual.<\/p>\n<p data-pm-slice=\"1 1 []\">Impede o rompimento do preservativo.<\/p>\n<p data-pm-slice=\"1 1 []\"><strong>Ficha T\u00e9cnica: <\/strong><\/p>\n<p data-pm-slice=\"1 1 []\">Conte\u00fado: 250g.<\/p>\n<p data-pm-slice=\"1 1 []\">Fun\u00e7\u00e3o: Lubrificante.<\/p>\n<p data-pm-slice=\"1 1 []\"><strong>Modo de Uso: <\/strong><\/p>\n<p data-pm-slice=\"1 1 []\">Coloque uma quantidade adequada no local desejado e espalhe suavemente antes da penetra\u00e7\u00e3o.<\/p>\n<p data-pm-slice=\"1 1 []\"><strong>Cuidados e Precau\u00e7\u00f5es: <\/strong><\/p>\n<p data-pm-slice=\"1 1 []\">Em caso de irrita\u00e7\u00e3o ou alergia, suspenda o uso e consulte um m\u00e9dico. Mantenha fora do alcance de crian\u00e7as. N\u00e3o aplique em \u00e1reas com feridas ou lacera\u00e7\u00f5es.<\/p>\n","protected":false},"excerpt":{"rendered":"<p>GEL LUBRIFICANTE \u00cdNTIMO \u00c0 BASE DE \u00c1GUA LUBRIGEL 250g cARBOGEL KY Lubrigel \u00e9 um lubrificante \u00edntimo neutro, \u00e0 base de \u00e1gua que vai transformar suas rela\u00e7\u00f5es \u00edntimas! Compat\u00edvel com preservativos,<\/p>\n","protected":false},"featured_media":1579,"comment_status":"open","ping_status":"closed","template":"","meta":[],"product_brand":[],"product_cat":[174],"product_tag":[],"class_list":{"0":"post-1575","1":"product","2":"type-product","3":"status-publish","6":"product_cat-lubrificante","8":"first","9":"instock","10":"shipping-taxable","11":"product-type-external"},"_links":{"self":[{"href":"https:\/\/sandra-o.com.br\/loja\/wp-json\/wp\/v2\/product\/1575","targetHints":{"allow":["GET"]}}],"collection":[{"href":"https:\/\/sandra-o.com.br\/loja\/wp-json\/wp\/v2\/product"}],"about":[{"href":"https:\/\/sandra-o.com.br\/loja\/wp-json\/wp\/v2\/types\/product"}],"replies":[{"embeddable":true,"href":"https:\/\/sandra-o.com.br\/loja\/wp-json\/wp\/v2\/comments?post=1575"}],"wp:featuredmedia":[{"embeddable":true,"href":"https:\/\/sandra-o.com.br\/loja\/wp-json\/wp\/v2\/media\/1579"}],"wp:attachment":[{"href":"https:\/\/sandra-o.com.br\/loja\/wp-json\/wp\/v2\/media?parent=1575"}],"wp:term":[{"taxonomy":"product_brand","embeddable":true,"href":"https:\/\/sandra-o.com.br\/loja\/wp-json\/wp\/v2\/product_brand?post=1575"},{"taxonomy":"product_cat","embeddable":true,"href":"https:\/\/sandra-o.com.br\/loja\/wp-json\/wp\/v2\/product_cat?post=1575"},{"taxonomy":"product_tag","embeddable":true,"href":"https:\/\/sandra-o.com.br\/loja\/wp-json\/wp\/v2\/product_tag?post=1575"}],"curies":[{"name":"wp","href":"https:\/\/api.w.org\/{rel}","templated":true}]}}