{"id":1563,"date":"2024-02-23T12:26:33","date_gmt":"2024-02-23T15:26:33","guid":{"rendered":"https:\/\/sandra-o.com.br\/loja\/?post_type=product&#038;p=1563"},"modified":"2025-05-23T21:42:50","modified_gmt":"2025-05-24T00:42:50","slug":"kit-vibrador-golfinho-ponto-g-e-vibrador-capsula-bullet-com-controle-multivelocidade","status":"publish","type":"product","link":"https:\/\/sandra-o.com.br\/loja\/produto\/kit-vibrador-golfinho-ponto-g-e-vibrador-capsula-bullet-com-controle-multivelocidade\/","title":{"rendered":"Kit Vibrador golfinho ponto G e Vibrador C\u00e1psula Bullet com Controle Multivelocidade"},"content":{"rendered":"<p>VIBRADOR GOLFINHO PONTO G + VIBRADOR C\u00c1PSULA BULLET COM CONTROLE MULTIVELOCIDADE<\/p>\n<p>Explore novas dimens\u00f5es de prazer com o Kit Vibrador Golfinho Ponto G e a C\u00e1psula Bullet com Controle Multivelocidade. Este conjunto irresist\u00edvel \u00e9 projetado para oferecer estimula\u00e7\u00e3o precisa e vers\u00e1til, proporcionando momentos \u00edntimos de prazer intenso.<\/p>\n<p><strong>Ficha T\u00e9cnica Vibrador Ponto G:<\/strong><br \/>\nMedidas: 12cm (Comprimento). Medidas Aproximadas<br \/>\nTipo de Bateria: 01 Pilha AA (N\u00e3o inclusa).<br \/>\nMaterial: ABS.<br \/>\nObserva\u00e7\u00e3o: A cor do Vibrador \u00e9 enviada de forma aleat\u00f3ria de acordo com a disponibilidade de estoque.<\/p>\n<p><strong>Sobre o Vibrador Golfinho:<\/strong><br \/>\nO Vibrador Ponto G \u00e9 feito em ABS super-resistente, com uma ponta levemente curvada para estimula\u00e7\u00e3o precisa. Seu toque suave e design elegante prometem momentos de prazer \u00fanicos.<\/p>\n<p><strong>Ficha T\u00e9cnica C\u00e1psula Bullet:<\/strong><br \/>\nMedidas do Controle: 9,5cm x 3,2cm (Comprimento x Largura). Medidas Aproximadas<br \/>\nMedidas do Bullet: 5,3cm x 2,2cm (Comprimento x Di\u00e2metro). Medidas Aproximadas<br \/>\nMaterial: ABS.<br \/>\nTipo de Bateria: 02 Pilhas AA (N\u00e3o inclusas).<br \/>\nObserva\u00e7\u00e3o: A cor do Bullet \u00e9 enviada de forma aleat\u00f3ria de acordo com a disponibilidade de estoque.<\/p>\n<p><strong>Sobre a C\u00e1psula Bullet com Controle:<\/strong><br \/>\nA C\u00e1psula Bullet com Controle \u00e9 uma adi\u00e7\u00e3o emocionante ao seu arsenal sensual. Com vibra\u00e7\u00e3o multivelocidade e controle remoto com fio, esta c\u00e1psula \u00e9 feita em ABS, ideal para apimentar sua intimidade. Seu \u00fanico bot\u00e3o girat\u00f3rio permite controlar as vibra\u00e7\u00f5es facilmente. Experimente a estimula\u00e7\u00e3o em v\u00e1rias partes do corpo, incluindo seios, mamilos, cl\u00edtoris, vagina, per\u00edneo e ao redor do \u00e2nus.<\/p>\n<p>Cuidados:<br \/>\nLave com \u00e1gua e sab\u00e3o neutro antes e ap\u00f3s o uso, evitando compartilhar.<br \/>\nN\u00e3o molhe o compartimento de pilhas.<br \/>\nMantenha fora da luz solar e evite temperaturas superiores a 50\u00baC.<br \/>\nRecomenda-se o uso de lubrificante para aumentar a vida \u00fatil do produto.<\/p>\n<p>Precau\u00e7\u00f5es: Lave antes e ap\u00f3s o uso com \u00e1gua e sab\u00e3o neutro. Aviso: Para evitar les\u00f5es ou um agravamento de patologias existentes, n\u00e3o utilize este produto em zona inflamada, inchada ou a pele com lacera\u00e7\u00f5es.<\/p>\n","protected":false},"excerpt":{"rendered":"<p>VIBRADOR GOLFINHO PONTO G + VIBRADOR C\u00c1PSULA BULLET COM CONTROLE MULTIVELOCIDADE Explore novas dimens\u00f5es de prazer com o Kit Vibrador Golfinho Ponto G e a C\u00e1psula Bullet com Controle Multivelocidade.<\/p>\n","protected":false},"featured_media":1570,"comment_status":"open","ping_status":"closed","template":"","meta":[],"product_brand":[],"product_cat":[173],"product_tag":[],"class_list":{"0":"post-1563","1":"product","2":"type-product","3":"status-publish","6":"product_cat-brinquedos","8":"first","9":"instock","10":"shipping-taxable","11":"product-type-external"},"_links":{"self":[{"href":"https:\/\/sandra-o.com.br\/loja\/wp-json\/wp\/v2\/product\/1563","targetHints":{"allow":["GET"]}}],"collection":[{"href":"https:\/\/sandra-o.com.br\/loja\/wp-json\/wp\/v2\/product"}],"about":[{"href":"https:\/\/sandra-o.com.br\/loja\/wp-json\/wp\/v2\/types\/product"}],"replies":[{"embeddable":true,"href":"https:\/\/sandra-o.com.br\/loja\/wp-json\/wp\/v2\/comments?post=1563"}],"wp:featuredmedia":[{"embeddable":true,"href":"https:\/\/sandra-o.com.br\/loja\/wp-json\/wp\/v2\/media\/1570"}],"wp:attachment":[{"href":"https:\/\/sandra-o.com.br\/loja\/wp-json\/wp\/v2\/media?parent=1563"}],"wp:term":[{"taxonomy":"product_brand","embeddable":true,"href":"https:\/\/sandra-o.com.br\/loja\/wp-json\/wp\/v2\/product_brand?post=1563"},{"taxonomy":"product_cat","embeddable":true,"href":"https:\/\/sandra-o.com.br\/loja\/wp-json\/wp\/v2\/product_cat?post=1563"},{"taxonomy":"product_tag","embeddable":true,"href":"https:\/\/sandra-o.com.br\/loja\/wp-json\/wp\/v2\/product_tag?post=1563"}],"curies":[{"name":"wp","href":"https:\/\/api.w.org\/{rel}","templated":true}]}}