{"id":1545,"date":"2024-02-21T20:38:19","date_gmt":"2024-02-21T23:38:19","guid":{"rendered":"https:\/\/sandra-o.com.br\/loja\/?post_type=product&#038;p=1545"},"modified":"2025-10-08T09:59:47","modified_gmt":"2025-10-08T12:59:47","slug":"gel-lubrificante-para-sexo-anal-ou-vaginal","status":"publish","type":"product","link":"https:\/\/sandra-o.com.br\/loja\/produto\/gel-lubrificante-para-sexo-anal-ou-vaginal\/","title":{"rendered":"Gel Lubrificante Para Sexo Anal ou Vaginal Love Lub Neutro\/ Hot \/ Ice 60g"},"content":{"rendered":"<p>GEL LUBRIFICANTE PARA SEXO ANAL E VAGINAL<\/p>\n<p>Love Lub Neutro \u00e9 um lubrificante sem cor e sem cheiro, feito \u00e0 base d&#8217;\u00e1gua.<\/p>\n<p>Pode ser usado para sexo vaginal e anal e\/ou para massagem corporal.<\/p>\n<p>Love Lub Neutro, sendo lubrificante (n\u00e3o \u00e9 anest\u00e9sico), elimina o atrito na pele e facilita a penetra\u00e7\u00e3o, podendo ser usado tamb\u00e9m para lubrifica\u00e7\u00e3o feminina.<\/p>\n<p>Modo de uso: com as m\u00e3os limpas, aplique sobre a pele igualmente limpa e massageie suavemente em movimentos deslizantes.<\/p>\n<p>Use o produto seguindo corretamente as instru\u00e7\u00f5es e validade para melhor aproveitamento da f\u00f3rmula e seus benef\u00edcios.<\/p>\n","protected":false},"excerpt":{"rendered":"<p>GEL LUBRIFICANTE PARA SEXO ANAL E VAGINAL Love Lub Neutro \u00e9 um lubrificante sem cor e sem cheiro, feito \u00e0 base d&#8217;\u00e1gua. Pode ser usado para sexo vaginal e anal<\/p>\n","protected":false},"featured_media":1550,"comment_status":"open","ping_status":"closed","template":"","meta":[],"product_brand":[],"product_cat":[174],"product_tag":[],"class_list":{"0":"post-1545","1":"product","2":"type-product","3":"status-publish","6":"product_cat-lubrificante","8":"first","9":"instock","10":"shipping-taxable","11":"product-type-external"},"_links":{"self":[{"href":"https:\/\/sandra-o.com.br\/loja\/wp-json\/wp\/v2\/product\/1545","targetHints":{"allow":["GET"]}}],"collection":[{"href":"https:\/\/sandra-o.com.br\/loja\/wp-json\/wp\/v2\/product"}],"about":[{"href":"https:\/\/sandra-o.com.br\/loja\/wp-json\/wp\/v2\/types\/product"}],"replies":[{"embeddable":true,"href":"https:\/\/sandra-o.com.br\/loja\/wp-json\/wp\/v2\/comments?post=1545"}],"wp:featuredmedia":[{"embeddable":true,"href":"https:\/\/sandra-o.com.br\/loja\/wp-json\/wp\/v2\/media\/1550"}],"wp:attachment":[{"href":"https:\/\/sandra-o.com.br\/loja\/wp-json\/wp\/v2\/media?parent=1545"}],"wp:term":[{"taxonomy":"product_brand","embeddable":true,"href":"https:\/\/sandra-o.com.br\/loja\/wp-json\/wp\/v2\/product_brand?post=1545"},{"taxonomy":"product_cat","embeddable":true,"href":"https:\/\/sandra-o.com.br\/loja\/wp-json\/wp\/v2\/product_cat?post=1545"},{"taxonomy":"product_tag","embeddable":true,"href":"https:\/\/sandra-o.com.br\/loja\/wp-json\/wp\/v2\/product_tag?post=1545"}],"curies":[{"name":"wp","href":"https:\/\/api.w.org\/{rel}","templated":true}]}}