{"id":1533,"date":"2024-02-21T11:51:47","date_gmt":"2024-02-21T14:51:47","guid":{"rendered":"https:\/\/sandra-o.com.br\/loja\/?post_type=product&#038;p=1533"},"modified":"2025-10-08T10:01:18","modified_gmt":"2025-10-08T13:01:18","slug":"vibrador-feminino-ponto-g-golfinho","status":"publish","type":"product","link":"https:\/\/sandra-o.com.br\/loja\/produto\/vibrador-feminino-ponto-g-golfinho\/","title":{"rendered":"Vibrador Feminino Ponto G Golfinho, Liso ou Aveludado"},"content":{"rendered":"<p>VIBRADR POMTO G<\/p>\n<p>Pequeno e discreto, pode ser levado na bolsa sem o menor inc\u00f4modo.<\/p>\n<p>Vibra\u00e7\u00e3o potente, te ajudando a chegar ao orgasmo com maior facilidade. Vers\u00e1til pode ser usado como estimulador de ponto g ou para estimular o clit\u00f3ris.<\/p>\n<p><strong>Possui 3 vers\u00f5es:<\/strong><\/p>\n<ul>\n<li>Toque aveludado<\/li>\n<li>Liso<\/li>\n<li>Golfinho aveludado<\/li>\n<\/ul>\n<p><strong> Modo de uso: <\/strong><\/p>\n<p>Girar a base do vibrador at\u00e9 a posi\u00e7\u00e3o Open, para ter acesso ao compartimento de pilha, ap\u00f3s colocar a pilha, gire a base at\u00e9 a posi\u00e7\u00e3o On para ligar o vibrador.<\/p>\n<p><strong>Material:\u00a0<\/strong>ABS.<\/p>\n<p><strong>Tipo de bateria: <\/strong><\/p>\n<p>Utiliza 1 pilha AA (n\u00e3o inclusa).\u00a0\u00c9 recomendado o uso de pilhas alcalinas para uma melhor performance.<\/p>\n<p><strong>Medidas: <\/strong><\/p>\n<p>12 cm de comprimento, 2,5 cm de espessura (medidas aproximadas).<\/p>\n<p><strong>Higieniza\u00e7\u00e3o: <\/strong><\/p>\n<p>Lavar com \u00e1gua e sab\u00e3o neutro antes e ap\u00f3s o uso, evite molhar o compartimento das pilhas. Depois seque com papel toalha ou deixe secar naturalmente.<\/p>\n<p>Ap\u00f3s higieniza-lo, coloque novamente em sua embalagem de origem. N\u00e3o compartilhar e n\u00e3o expor a temperatura superior a 50\u00b0C.<\/p>\n<p><strong> Cuidados: <\/strong><\/p>\n<ul>\n<li>Higienize sempre antes e ap\u00f3s o uso.<\/li>\n<li>Mantenha fora do alcance de crian\u00e7as.<\/li>\n<li>Manter ao abrigo do calor e luz excessiva.<\/li>\n<li>Ap\u00f3s o uso, guardar em uma embalagem de pl\u00e1stico, n\u00e3o enrole em papel.<\/li>\n<\/ul>\n<p><strong>Recomenda\u00e7\u00f5es: <\/strong><\/p>\n<p>Recomenda-se o uso de lubrificante e preservativo.<\/p>\n","protected":false},"excerpt":{"rendered":"<p>VIBRADR POMTO G Pequeno e discreto, pode ser levado na bolsa sem o menor inc\u00f4modo. Vibra\u00e7\u00e3o potente, te ajudando a chegar ao orgasmo com maior facilidade. Vers\u00e1til pode ser usado<\/p>\n","protected":false},"featured_media":1534,"comment_status":"open","ping_status":"closed","template":"","meta":[],"product_brand":[],"product_cat":[173],"product_tag":[],"class_list":{"0":"post-1533","1":"product","2":"type-product","3":"status-publish","6":"product_cat-brinquedos","8":"first","9":"instock","10":"shipping-taxable","11":"product-type-external"},"_links":{"self":[{"href":"https:\/\/sandra-o.com.br\/loja\/wp-json\/wp\/v2\/product\/1533","targetHints":{"allow":["GET"]}}],"collection":[{"href":"https:\/\/sandra-o.com.br\/loja\/wp-json\/wp\/v2\/product"}],"about":[{"href":"https:\/\/sandra-o.com.br\/loja\/wp-json\/wp\/v2\/types\/product"}],"replies":[{"embeddable":true,"href":"https:\/\/sandra-o.com.br\/loja\/wp-json\/wp\/v2\/comments?post=1533"}],"wp:featuredmedia":[{"embeddable":true,"href":"https:\/\/sandra-o.com.br\/loja\/wp-json\/wp\/v2\/media\/1534"}],"wp:attachment":[{"href":"https:\/\/sandra-o.com.br\/loja\/wp-json\/wp\/v2\/media?parent=1533"}],"wp:term":[{"taxonomy":"product_brand","embeddable":true,"href":"https:\/\/sandra-o.com.br\/loja\/wp-json\/wp\/v2\/product_brand?post=1533"},{"taxonomy":"product_cat","embeddable":true,"href":"https:\/\/sandra-o.com.br\/loja\/wp-json\/wp\/v2\/product_cat?post=1533"},{"taxonomy":"product_tag","embeddable":true,"href":"https:\/\/sandra-o.com.br\/loja\/wp-json\/wp\/v2\/product_tag?post=1533"}],"curies":[{"name":"wp","href":"https:\/\/api.w.org\/{rel}","templated":true}]}}