{"id":1372,"date":"2024-02-19T10:43:20","date_gmt":"2024-02-19T13:43:20","guid":{"rendered":"https:\/\/sandra-o.com.br\/loja\/?post_type=product&#038;p=1372"},"modified":"2025-09-20T17:40:36","modified_gmt":"2025-09-20T20:40:36","slug":"vibradores-14-velocidades-estimulador-clitoris","status":"publish","type":"product","link":"https:\/\/sandra-o.com.br\/loja\/produto\/vibradores-14-velocidades-estimulador-clitoris\/","title":{"rendered":"Vibradores 14 Velocidades -Vibrando e Sugando Para Mulher Estimulador Clit\u00f3ris Brinquedos Adultos Zatla"},"content":{"rendered":"<p>VIBRADOR 14 VELOCIDADES\u00a0 &#8211; ESTIMULADOR DE CLIT\u00d3RIS<\/p>\n<p><strong>Descri\u00e7\u00e3o do produto<\/strong><\/p>\n<p>Material: silicone de grau m\u00e9dico, rejeitar qualquer dano<br \/>\nTamanho: 231*43mm<br \/>\nModo: tipo de carga el\u00e9trica usb<br \/>\nTempo de carregamento: 2 horas<\/p>\n<p>Fun\u00e7\u00f5es:<br \/>\n1. material de pele amig\u00e1vel, seguran\u00e7a e nenhuma preocupa\u00e7\u00e3o, rejeitar qualquer dano<br \/>\n2.7 vibra\u00e7\u00e3o e 7 modos de suc\u00e7\u00e3o<br \/>\n3. duplo motor de vibra\u00e7\u00e3o<br \/>\n4. usb carga r\u00e1pida<br \/>\n5. banhar usando, liberar livremente<\/p>\n","protected":false},"excerpt":{"rendered":"<p>Marca: Zatla<\/p>\n","protected":false},"featured_media":1374,"comment_status":"open","ping_status":"closed","template":"","meta":[],"product_brand":[],"product_cat":[173],"product_tag":[],"class_list":{"0":"post-1372","1":"product","2":"type-product","3":"status-publish","6":"product_cat-brinquedos","8":"first","9":"instock","10":"shipping-taxable","11":"product-type-external"},"_links":{"self":[{"href":"https:\/\/sandra-o.com.br\/loja\/wp-json\/wp\/v2\/product\/1372","targetHints":{"allow":["GET"]}}],"collection":[{"href":"https:\/\/sandra-o.com.br\/loja\/wp-json\/wp\/v2\/product"}],"about":[{"href":"https:\/\/sandra-o.com.br\/loja\/wp-json\/wp\/v2\/types\/product"}],"replies":[{"embeddable":true,"href":"https:\/\/sandra-o.com.br\/loja\/wp-json\/wp\/v2\/comments?post=1372"}],"wp:featuredmedia":[{"embeddable":true,"href":"https:\/\/sandra-o.com.br\/loja\/wp-json\/wp\/v2\/media\/1374"}],"wp:attachment":[{"href":"https:\/\/sandra-o.com.br\/loja\/wp-json\/wp\/v2\/media?parent=1372"}],"wp:term":[{"taxonomy":"product_brand","embeddable":true,"href":"https:\/\/sandra-o.com.br\/loja\/wp-json\/wp\/v2\/product_brand?post=1372"},{"taxonomy":"product_cat","embeddable":true,"href":"https:\/\/sandra-o.com.br\/loja\/wp-json\/wp\/v2\/product_cat?post=1372"},{"taxonomy":"product_tag","embeddable":true,"href":"https:\/\/sandra-o.com.br\/loja\/wp-json\/wp\/v2\/product_tag?post=1372"}],"curies":[{"name":"wp","href":"https:\/\/api.w.org\/{rel}","templated":true}]}}