{"id":1354,"date":"2024-02-18T20:50:51","date_gmt":"2024-02-18T23:50:51","guid":{"rendered":"https:\/\/sandra-o.com.br\/loja\/?post_type=product&#038;p=1354"},"modified":"2025-05-16T11:52:26","modified_gmt":"2025-05-16T14:52:26","slug":"ovo-mastubador-egg-penis-punheta-wavy-estimulo-sexshop-flexivel-sexo","status":"publish","type":"product","link":"https:\/\/sandra-o.com.br\/loja\/produto\/ovo-mastubador-egg-penis-punheta-wavy-estimulo-sexshop-flexivel-sexo\/","title":{"rendered":"Ovo Mastubador Egg Penis Punheta WAVY Estimulo Sexshop Flexivel Sexo"},"content":{"rendered":"<p>OVO MASTURBADOR EGG PENIS PUNHETA WAVY<\/p>\n<div id=\"productDescription\" class=\"a-section a-spacing-small\">\n<p>Com pontos de prazer de tamanhos variados e estimila\u00e7\u00e3o multidirecional para alcan\u00e7ar seus limites de satisfa\u00e7\u00e3o!<\/p>\n<p>Varie nos movimentos e desvende todas as possibilidades e as mais variadas sensa\u00e7\u00f5es!<\/p>\n<p>N\u00e3o importa o tamanho do seu p\u00eanis, pequeno ou grande a textura interna desse masturbador tenga egg estimula todos os lugares que voc\u00capossa imaginar.<\/p>\n<p>Ao inv\u00e9s de movimentos para cima e para, tente agarrar, acariciar e girar do jeito que desejar. Deixe sua imagina\u00e7\u00e3o ir alem e crie diferentes sensa\u00e7\u00f5es.<\/p>\n<p>Feitos no Jap\u00e3o, esses ?ovos? prometem levar a masturba\u00e7\u00e3o dos homens a um outro patamar. Dentro da embalagem em forma de casca, voc\u00caencontra uma pe\u00e7a de silicone que imita um ovo (at\u00e9 o tamanho \u00e9 parecido), por\u00e9m oca e com um orif\u00edcio na base. Por dentro, diferentes padr\u00f5es de texturas garantem um leque de sensa\u00e7\u00f5es.<\/p>\n<p>Funciona assim: depois de descascado, o ovo recebe lubrificante no seu interior e \u00e9 encaixado no p\u00eanis, como uma touca. El\u00e1stica, a pe\u00e7a pode ser esticada at\u00e9 a base do membro, e a partir da\u00ed a masturba\u00e7\u00e3o \u00e9 feita com as m\u00e3os sobre ela. Perfeita para brincar sozinho ou a dois, j\u00e1 que a espessura garante sensa\u00e7\u00e3o por dentro e por fora.<\/p>\n<\/div>\n","protected":false},"excerpt":{"rendered":"<p>*Enviado pela Amazon<\/p>\n","protected":false},"featured_media":1355,"comment_status":"open","ping_status":"closed","template":"","meta":[],"product_brand":[],"product_cat":[173],"product_tag":[],"class_list":{"0":"post-1354","1":"product","2":"type-product","3":"status-publish","6":"product_cat-brinquedos","8":"first","9":"instock","10":"shipping-taxable","11":"product-type-external"},"_links":{"self":[{"href":"https:\/\/sandra-o.com.br\/loja\/wp-json\/wp\/v2\/product\/1354","targetHints":{"allow":["GET"]}}],"collection":[{"href":"https:\/\/sandra-o.com.br\/loja\/wp-json\/wp\/v2\/product"}],"about":[{"href":"https:\/\/sandra-o.com.br\/loja\/wp-json\/wp\/v2\/types\/product"}],"replies":[{"embeddable":true,"href":"https:\/\/sandra-o.com.br\/loja\/wp-json\/wp\/v2\/comments?post=1354"}],"wp:featuredmedia":[{"embeddable":true,"href":"https:\/\/sandra-o.com.br\/loja\/wp-json\/wp\/v2\/media\/1355"}],"wp:attachment":[{"href":"https:\/\/sandra-o.com.br\/loja\/wp-json\/wp\/v2\/media?parent=1354"}],"wp:term":[{"taxonomy":"product_brand","embeddable":true,"href":"https:\/\/sandra-o.com.br\/loja\/wp-json\/wp\/v2\/product_brand?post=1354"},{"taxonomy":"product_cat","embeddable":true,"href":"https:\/\/sandra-o.com.br\/loja\/wp-json\/wp\/v2\/product_cat?post=1354"},{"taxonomy":"product_tag","embeddable":true,"href":"https:\/\/sandra-o.com.br\/loja\/wp-json\/wp\/v2\/product_tag?post=1354"}],"curies":[{"name":"wp","href":"https:\/\/api.w.org\/{rel}","templated":true}]}}