{"id":1351,"date":"2024-02-18T19:59:43","date_gmt":"2024-02-18T22:59:43","guid":{"rendered":"https:\/\/sandra-o.com.br\/loja\/?post_type=product&#038;p=1351"},"modified":"2026-04-21T17:24:15","modified_gmt":"2026-04-21T20:24:15","slug":"como-falar-sobre-sexualidade-com-as-criancas-um-guia-pratico-de-educacao-sexual-infantil-para-pais-volume-1","status":"publish","type":"product","link":"https:\/\/sandra-o.com.br\/loja\/produto\/como-falar-sobre-sexualidade-com-as-criancas-um-guia-pratico-de-educacao-sexual-infantil-para-pais-volume-1\/","title":{"rendered":"Como falar sobre sexualidade com as crian\u00e7as: Um guia pr\u00e1tico de educa\u00e7\u00e3o sexual infantil para pais: Volume 1"},"content":{"rendered":"<p>COMO FALAR SOBRE SEXUALIDADE COM AS CRIAN\u00c7AS: UM GUIA PR\u00c1TICO DE EDUCA\u00c7\u00c3O SEXUAL INFANTIL PARA OS PAIS &#8211; VOLUME 1<\/p>\n<p><span class=\"a-text-bold\">Sexualidade e sexo n\u00e3o s\u00e3o a mesma coisa. <\/span><span class=\"a-text-bold\">E \u00e9 justamente essa confus\u00e3o que deixa pais <\/span><span class=\"a-text-bold\">e adultos respons\u00e1veis t\u00e3o perdidos quando <\/span><span class=\"a-text-bold\">se trata da educa\u00e7\u00e3o sexual infantil.<\/span><\/p>\n<p>A sexualidade na inf\u00e2ncia nada tem a ver com a pr\u00e1tica sexual, e sim com a forma como cada pessoa se percebe e se relaciona com as outras. Ela se inicia na gesta\u00e7\u00e3o e visa \u00e0 busca pelo bem-estar, al\u00e9m do entendimento do pr\u00f3prio corpo, englobando desde informa\u00e7\u00f5es b\u00e1sicas referentes ao corpo, \u00f3rg\u00e3os sexuais, sexo, at\u00e9 discuss\u00f5es e reflex\u00f5es mais profundas sobre valores, sentimentos, emo\u00e7\u00f5es e atitudes que se relacionem com a vida.<\/p>\n<p>Neste livro, a psic\u00f3loga Leiliane Rocha, especialista em sexualidade humana, ensina aos pais e respons\u00e1veis cada fase do desenvolvimento da sexualidade infantil e como oferecer educa\u00e7\u00e3o sexual \u00e0s crian\u00e7as, de zero aos doze anos, detalhando, inclusive, quais palavras usar ao responder \u00e0s principais d\u00favidas dos pequenos, como a cl\u00e1ssica &#8220;De onde v\u00eam os beb\u00eas?&#8221;, de acordo com cada faixa et\u00e1ria.<\/p>\n<p>Este livro re\u00fane um conte\u00fado pr\u00e1tico e completo para voc\u00ea conversar com leveza e seguran\u00e7a sobre os assuntos mais delicados desse tema e saber lidar com situa\u00e7\u00f5es embara\u00e7osas do universo da sexualidade infantil, respeitando o desenvolvimento f\u00edsico, emocional, psicol\u00f3gico, cognitivo e sexual de cada crian\u00e7a.<\/p>\n","protected":false},"excerpt":{"rendered":"<p>por Leiliane Rocha (Autor)<\/p>\n<p>*Enviado pela Amazon<\/p>\n","protected":false},"featured_media":1352,"comment_status":"open","ping_status":"closed","template":"","meta":[],"product_brand":[],"product_cat":[160],"product_tag":[],"class_list":{"0":"post-1351","1":"product","2":"type-product","3":"status-publish","6":"product_cat-ebook","8":"first","9":"instock","10":"shipping-taxable","11":"product-type-external"},"_links":{"self":[{"href":"https:\/\/sandra-o.com.br\/loja\/wp-json\/wp\/v2\/product\/1351","targetHints":{"allow":["GET"]}}],"collection":[{"href":"https:\/\/sandra-o.com.br\/loja\/wp-json\/wp\/v2\/product"}],"about":[{"href":"https:\/\/sandra-o.com.br\/loja\/wp-json\/wp\/v2\/types\/product"}],"replies":[{"embeddable":true,"href":"https:\/\/sandra-o.com.br\/loja\/wp-json\/wp\/v2\/comments?post=1351"}],"wp:featuredmedia":[{"embeddable":true,"href":"https:\/\/sandra-o.com.br\/loja\/wp-json\/wp\/v2\/media\/1352"}],"wp:attachment":[{"href":"https:\/\/sandra-o.com.br\/loja\/wp-json\/wp\/v2\/media?parent=1351"}],"wp:term":[{"taxonomy":"product_brand","embeddable":true,"href":"https:\/\/sandra-o.com.br\/loja\/wp-json\/wp\/v2\/product_brand?post=1351"},{"taxonomy":"product_cat","embeddable":true,"href":"https:\/\/sandra-o.com.br\/loja\/wp-json\/wp\/v2\/product_cat?post=1351"},{"taxonomy":"product_tag","embeddable":true,"href":"https:\/\/sandra-o.com.br\/loja\/wp-json\/wp\/v2\/product_tag?post=1351"}],"curies":[{"name":"wp","href":"https:\/\/api.w.org\/{rel}","templated":true}]}}