{"id":1321,"date":"2024-02-18T18:12:02","date_gmt":"2024-02-18T21:12:02","guid":{"rendered":"https:\/\/sandra-o.com.br\/loja\/?post_type=product&#038;p=1321"},"modified":"2025-09-20T17:34:31","modified_gmt":"2025-09-20T20:34:31","slug":"blowtex-preservativo-menta","status":"publish","type":"product","link":"https:\/\/sandra-o.com.br\/loja\/produto\/blowtex-preservativo-menta\/","title":{"rendered":"Blowtex Preservativo Menta Com 3 Unidades Branco"},"content":{"rendered":"<p>BLOWTEX PRESERVATIVO MENTA<\/p>\n<p>Blowtex menta tem o irresist\u00edvel sabor e aroma de menta. Para estimular todos os sentidos. tenha muito mais prazer: no clima quente, uma sensa\u00e7\u00e3o refrescante. Todos os preservativos s\u00e3o testados eletronicamente.<\/p>\n<ul class=\"a-unordered-list a-vertical a-spacing-mini\">\n<li class=\"a-spacing-mini\"><span class=\"a-list-item\">Sabor e aroma de menta<\/span><\/li>\n<li class=\"a-spacing-mini\"><span class=\"a-list-item\">Embalagem com 03 unidades<\/span><\/li>\n<li class=\"a-spacing-mini\"><span class=\"a-list-item\">Composi\u00e7\u00e3o: l\u00e1tex de borracha natural; silicone (lubrificante); edulcorante; conservantes e aroma artificial de menta<\/span><\/li>\n<li class=\"a-spacing-mini\"><span class=\"a-list-item\">Largura nominal: 52mm<\/span><\/li>\n<li class=\"a-spacing-mini\"><span class=\"a-list-item\">Vem com lubrificante na parte externa<\/span><\/li>\n<\/ul>\n","protected":false},"excerpt":{"rendered":"<p>*Enviado pela Amazon<\/p>\n","protected":false},"featured_media":1322,"comment_status":"open","ping_status":"closed","template":"","meta":[],"product_brand":[],"product_cat":[172],"product_tag":[],"class_list":{"0":"post-1321","1":"product","2":"type-product","3":"status-publish","6":"product_cat-preservativos","8":"first","9":"instock","10":"shipping-taxable","11":"product-type-external"},"_links":{"self":[{"href":"https:\/\/sandra-o.com.br\/loja\/wp-json\/wp\/v2\/product\/1321","targetHints":{"allow":["GET"]}}],"collection":[{"href":"https:\/\/sandra-o.com.br\/loja\/wp-json\/wp\/v2\/product"}],"about":[{"href":"https:\/\/sandra-o.com.br\/loja\/wp-json\/wp\/v2\/types\/product"}],"replies":[{"embeddable":true,"href":"https:\/\/sandra-o.com.br\/loja\/wp-json\/wp\/v2\/comments?post=1321"}],"wp:featuredmedia":[{"embeddable":true,"href":"https:\/\/sandra-o.com.br\/loja\/wp-json\/wp\/v2\/media\/1322"}],"wp:attachment":[{"href":"https:\/\/sandra-o.com.br\/loja\/wp-json\/wp\/v2\/media?parent=1321"}],"wp:term":[{"taxonomy":"product_brand","embeddable":true,"href":"https:\/\/sandra-o.com.br\/loja\/wp-json\/wp\/v2\/product_brand?post=1321"},{"taxonomy":"product_cat","embeddable":true,"href":"https:\/\/sandra-o.com.br\/loja\/wp-json\/wp\/v2\/product_cat?post=1321"},{"taxonomy":"product_tag","embeddable":true,"href":"https:\/\/sandra-o.com.br\/loja\/wp-json\/wp\/v2\/product_tag?post=1321"}],"curies":[{"name":"wp","href":"https:\/\/api.w.org\/{rel}","templated":true}]}}