{"id":1316,"date":"2024-02-18T17:58:26","date_gmt":"2024-02-18T20:58:26","guid":{"rendered":"https:\/\/sandra-o.com.br\/loja\/?post_type=product&#038;p=1316"},"modified":"2025-09-20T17:37:50","modified_gmt":"2025-09-20T20:37:50","slug":"olla-preservativo-camisinha-large-3-unidades","status":"publish","type":"product","link":"https:\/\/sandra-o.com.br\/loja\/produto\/olla-preservativo-camisinha-large-3-unidades\/","title":{"rendered":"Olla Preservativo Camisinha Large 3 Unidades"},"content":{"rendered":"<p>OLLA PRESERVATIVO CAMISINHA LARGE<\/p>\n<p>O preservativo olla large \u00e9 a camisinha no tamanho perfeito para quando a sua vontade n\u00e3o cabe no formato original. S\u00e3o 55mm para seu prazer. Com uma largura maior que os preservativos convencionais, proporciona maior conforto e seguran\u00e7a durante a rela\u00e7\u00e3o. Durante a rela\u00e7\u00e3o sexual, o preservativo \u00e9 o \u00fanico m\u00e9todo eficaz para evitar a gravidez indesejada e doen\u00e7as sexualmente transmiss\u00edveis (dst), inclusive a aids.<\/p>\n<ul class=\"a-unordered-list a-vertical a-spacing-mini\">\n<li class=\"a-spacing-mini\"><span class=\"a-list-item\">Mais larga; olla large \u00e9 indicada para quem busca maior conforto<\/span><\/li>\n<li class=\"a-spacing-mini\"><span class=\"a-list-item\">Este preservativo \u00e9 lubrificado para que sua rela\u00e7\u00e3o sexual seja melhor e a estimula\u00e7\u00e3o seja aumentada; tamb\u00e9m ajuda a evitar irrita\u00e7\u00f5es, pois proporciona uma experi\u00eancia mais suave e confort\u00e1vel<\/span><\/li>\n<li class=\"a-spacing-mini\"><span class=\"a-list-item\">Para olla, sexo \u00e9 algo espont\u00e2neo e delicioso; ningu\u00e9m deve se privar dos seus desejos e prazeres; e viva as novas descobertas!<\/span><\/li>\n<li class=\"a-spacing-mini\"><span class=\"a-list-item\">Este produto \u00e9 feito de l\u00e1tex para oferecer a seguran\u00e7a que voc\u00ea procura<\/span><\/li>\n<li class=\"a-spacing-mini\"><span class=\"a-list-item\">Lembre-se de ter uma camisinha olla sempre \u00e0 m\u00e3o, sua seguran\u00e7a e a de seu parceiro s\u00e3o as mais importantes; proteja-se e desfrute de sua privacidade mais!<\/span><\/li>\n<li class=\"a-spacing-mini\"><span class=\"a-list-item\">O preservativo \u00e9 o \u00fanico m\u00e9todo contraceptivo que previne doen\u00e7as sexualmente transmiss\u00edveis, al\u00e9m de uma gravidez indesejada, portanto, seu uso na privacidade \u00e9 essencial<\/span><\/li>\n<\/ul>\n<p><strong>Informa\u00e7\u00f5es de seguran\u00e7a<\/strong><br \/>\nAbrir somente na hora de usO N\u00e3o compre se a embalagem estiver violada.<\/p>\n<p><strong>Indica\u00e7\u00f5es<\/strong><br \/>\nN\u00e3o<\/p>\n<p><strong>Ingredientes<\/strong><br \/>\nL\u00e1tex de borracha natural vulcanizada com enxofre e lubrificante \u00f3leo de silicone.<\/p>\n","protected":false},"excerpt":{"rendered":"<p>*Enviado pela Amazon<\/p>\n","protected":false},"featured_media":1317,"comment_status":"open","ping_status":"closed","template":"","meta":[],"product_brand":[],"product_cat":[172],"product_tag":[],"class_list":{"0":"post-1316","1":"product","2":"type-product","3":"status-publish","6":"product_cat-preservativos","8":"first","9":"instock","10":"shipping-taxable","11":"product-type-external"},"_links":{"self":[{"href":"https:\/\/sandra-o.com.br\/loja\/wp-json\/wp\/v2\/product\/1316","targetHints":{"allow":["GET"]}}],"collection":[{"href":"https:\/\/sandra-o.com.br\/loja\/wp-json\/wp\/v2\/product"}],"about":[{"href":"https:\/\/sandra-o.com.br\/loja\/wp-json\/wp\/v2\/types\/product"}],"replies":[{"embeddable":true,"href":"https:\/\/sandra-o.com.br\/loja\/wp-json\/wp\/v2\/comments?post=1316"}],"wp:featuredmedia":[{"embeddable":true,"href":"https:\/\/sandra-o.com.br\/loja\/wp-json\/wp\/v2\/media\/1317"}],"wp:attachment":[{"href":"https:\/\/sandra-o.com.br\/loja\/wp-json\/wp\/v2\/media?parent=1316"}],"wp:term":[{"taxonomy":"product_brand","embeddable":true,"href":"https:\/\/sandra-o.com.br\/loja\/wp-json\/wp\/v2\/product_brand?post=1316"},{"taxonomy":"product_cat","embeddable":true,"href":"https:\/\/sandra-o.com.br\/loja\/wp-json\/wp\/v2\/product_cat?post=1316"},{"taxonomy":"product_tag","embeddable":true,"href":"https:\/\/sandra-o.com.br\/loja\/wp-json\/wp\/v2\/product_tag?post=1316"}],"curies":[{"name":"wp","href":"https:\/\/api.w.org\/{rel}","templated":true}]}}