{"id":1310,"date":"2024-02-18T17:22:13","date_gmt":"2024-02-18T20:22:13","guid":{"rendered":"https:\/\/sandra-o.com.br\/loja\/?post_type=product&#038;p=1310"},"modified":"2025-09-04T05:15:46","modified_gmt":"2025-09-04T08:15:46","slug":"skyn-preservativo-elite-sem-latex","status":"publish","type":"product","link":"https:\/\/sandra-o.com.br\/loja\/produto\/skyn-preservativo-elite-sem-latex\/","title":{"rendered":"SKYN Preservativo Elite  Sem L\u00e1tex Com 3 Unidades"},"content":{"rendered":"<p>SKYN PRESERVATIVO ELITE SEM L\u00c1TEX<\/p>\n<p>Skyn \u00e9 o preservativo n\u00ba 1 sem l\u00e1tex no mundo. Skyn elite \u00e9 o preservativo mais fino da linha skyn. Produzido com a tecnologia skynfeel, skyn elite \u00e9 20% mais fino que o skyn e torna a experi\u00eancia sexual ainda mais \u00edntima, proporcionando a sensa\u00e7\u00e3o de n\u00e3o estar usando nada.<\/p>\n<ul class=\"a-unordered-list a-vertical a-spacing-mini\">\n<li class=\"a-spacing-mini\"><span class=\"a-list-item\">Skyn elite \u00e9 20% mais fino que o skyn original<\/span><\/li>\n<li class=\"a-spacing-mini\"><span class=\"a-list-item\">Tecnologia skynfeel<\/span><\/li>\n<li class=\"a-spacing-mini\"><span class=\"a-list-item\">Preservativo ultrafino e ultramacio<\/span><\/li>\n<li class=\"a-spacing-mini\"><span class=\"a-list-item\">Composi\u00e7\u00e3o: poli-isopreno sint\u00e9tico e \u00f3leo de silicone (lubrificante); n\u00e3o cont\u00e9m l\u00e1tex<\/span><\/li>\n<li class=\"a-spacing-mini\"><span class=\"a-list-item\">Largura nominal: 53mm<\/span><\/li>\n<\/ul>\n<p><strong>Indica\u00e7\u00f5es<\/strong><\/p>\n<p>N\u00e3o<\/p>\n","protected":false},"excerpt":{"rendered":"<p>*Enviado pela Amazon<\/p>\n","protected":false},"featured_media":1311,"comment_status":"open","ping_status":"closed","template":"","meta":[],"product_brand":[],"product_cat":[172],"product_tag":[],"class_list":{"0":"post-1310","1":"product","2":"type-product","3":"status-publish","6":"product_cat-preservativos","8":"first","9":"instock","10":"shipping-taxable","11":"product-type-external"},"_links":{"self":[{"href":"https:\/\/sandra-o.com.br\/loja\/wp-json\/wp\/v2\/product\/1310","targetHints":{"allow":["GET"]}}],"collection":[{"href":"https:\/\/sandra-o.com.br\/loja\/wp-json\/wp\/v2\/product"}],"about":[{"href":"https:\/\/sandra-o.com.br\/loja\/wp-json\/wp\/v2\/types\/product"}],"replies":[{"embeddable":true,"href":"https:\/\/sandra-o.com.br\/loja\/wp-json\/wp\/v2\/comments?post=1310"}],"wp:featuredmedia":[{"embeddable":true,"href":"https:\/\/sandra-o.com.br\/loja\/wp-json\/wp\/v2\/media\/1311"}],"wp:attachment":[{"href":"https:\/\/sandra-o.com.br\/loja\/wp-json\/wp\/v2\/media?parent=1310"}],"wp:term":[{"taxonomy":"product_brand","embeddable":true,"href":"https:\/\/sandra-o.com.br\/loja\/wp-json\/wp\/v2\/product_brand?post=1310"},{"taxonomy":"product_cat","embeddable":true,"href":"https:\/\/sandra-o.com.br\/loja\/wp-json\/wp\/v2\/product_cat?post=1310"},{"taxonomy":"product_tag","embeddable":true,"href":"https:\/\/sandra-o.com.br\/loja\/wp-json\/wp\/v2\/product_tag?post=1310"}],"curies":[{"name":"wp","href":"https:\/\/api.w.org\/{rel}","templated":true}]}}