{"id":1300,"date":"2024-02-18T16:49:19","date_gmt":"2024-02-18T19:49:19","guid":{"rendered":"https:\/\/sandra-o.com.br\/loja\/?post_type=product&#038;p=1300"},"modified":"2025-04-04T16:24:09","modified_gmt":"2025-04-04T19:24:09","slug":"blowtex-preservativo-retardante-leve-9-pague-6-unidades","status":"publish","type":"product","link":"https:\/\/sandra-o.com.br\/loja\/produto\/blowtex-preservativo-retardante-leve-9-pague-6-unidades\/","title":{"rendered":"Blowtex Preservativo Retardante Leve 9 Pague 6 Unidades"},"content":{"rendered":"<p>BLOWTEX PRESERVATIVO RETARDANTE<\/p>\n<p>Blowtex retardante <strong>auxilia a prolongar a ere\u00e7\u00e3o e prolongar a rela\u00e7\u00e3o sexua<\/strong>l. Nessa embalagem, leve 9 preservativos pelo de apenas 6.<\/p>\n<ul class=\"a-unordered-list a-vertical a-spacing-mini\">\n<li class=\"a-spacing-mini\"><span class=\"a-list-item\">Cont\u00e9m gel retardante na parte interna do preservativo<\/span><\/li>\n<li class=\"a-spacing-mini\"><span class=\"a-list-item\">Embalagem com 09 unidades<\/span><\/li>\n<li class=\"a-spacing-mini\"><span class=\"a-list-item\">Composi\u00e7\u00e3o: l\u00e1tex de borracha natural; silicone (lubrificante) e 4. 5% de benzoca\u00edna<\/span><\/li>\n<li class=\"a-spacing-mini\"><span class=\"a-list-item\">Largura nominal: 52mm<\/span><\/li>\n<li class=\"a-spacing-mini\"><span class=\"a-list-item\">Cont\u00e9m lubrificante na parte externa<\/span><\/li>\n<\/ul>\n","protected":false},"excerpt":{"rendered":"<p>*Enviado pela Amazon<\/p>\n","protected":false},"featured_media":1301,"comment_status":"open","ping_status":"closed","template":"","meta":[],"product_brand":[],"product_cat":[172],"product_tag":[],"class_list":{"0":"post-1300","1":"product","2":"type-product","3":"status-publish","6":"product_cat-preservativos","8":"first","9":"instock","10":"shipping-taxable","11":"product-type-external"},"_links":{"self":[{"href":"https:\/\/sandra-o.com.br\/loja\/wp-json\/wp\/v2\/product\/1300","targetHints":{"allow":["GET"]}}],"collection":[{"href":"https:\/\/sandra-o.com.br\/loja\/wp-json\/wp\/v2\/product"}],"about":[{"href":"https:\/\/sandra-o.com.br\/loja\/wp-json\/wp\/v2\/types\/product"}],"replies":[{"embeddable":true,"href":"https:\/\/sandra-o.com.br\/loja\/wp-json\/wp\/v2\/comments?post=1300"}],"wp:featuredmedia":[{"embeddable":true,"href":"https:\/\/sandra-o.com.br\/loja\/wp-json\/wp\/v2\/media\/1301"}],"wp:attachment":[{"href":"https:\/\/sandra-o.com.br\/loja\/wp-json\/wp\/v2\/media?parent=1300"}],"wp:term":[{"taxonomy":"product_brand","embeddable":true,"href":"https:\/\/sandra-o.com.br\/loja\/wp-json\/wp\/v2\/product_brand?post=1300"},{"taxonomy":"product_cat","embeddable":true,"href":"https:\/\/sandra-o.com.br\/loja\/wp-json\/wp\/v2\/product_cat?post=1300"},{"taxonomy":"product_tag","embeddable":true,"href":"https:\/\/sandra-o.com.br\/loja\/wp-json\/wp\/v2\/product_tag?post=1300"}],"curies":[{"name":"wp","href":"https:\/\/api.w.org\/{rel}","templated":true}]}}