{"id":1290,"date":"2024-02-18T16:29:00","date_gmt":"2024-02-18T19:29:00","guid":{"rendered":"https:\/\/sandra-o.com.br\/loja\/?post_type=product&#038;p=1290"},"modified":"2025-09-20T17:38:12","modified_gmt":"2025-09-20T20:38:12","slug":"olla-preservativo-camisinha-sensitive-3-unidades","status":"publish","type":"product","link":"https:\/\/sandra-o.com.br\/loja\/produto\/olla-preservativo-camisinha-sensitive-3-unidades\/","title":{"rendered":"Olla Preservativo Camisinha Sensitive &#8211; 3 Unidades"},"content":{"rendered":"<p>OLLA PRESERVATIVO CAMISINHA SENSITIVE &#8211; 3 UNIDADES<\/p>\n<p>O preservativo olla sensitive \u00e9 uma camisinha lubrificada mais fina que proporciona maior sensa\u00e7\u00e3o de contato devido a sua menor espessura. Anatomicamente projetado para permitir f\u00e1cil coloca\u00e7\u00e3o e maior sensibilidade. \u00e9 indicado para quem quer a prote\u00e7\u00e3o de sempre, por\u00e9m com mais intimidade e conforto durante a pr\u00e1tica sexual. Afinal, quanto mais perto, melhor.<\/p>\n<ul class=\"a-unordered-list a-vertical a-spacing-mini\">\n<li class=\"a-spacing-mini\"><span class=\"a-list-item\">Esse preservativo \u00e9 mais fino que o padr\u00e3o; seu design faz com que os dois membros do casal sintam mais prazer sem arriscar sua seguran\u00e7a ou sa\u00fade<\/span><\/li>\n<li class=\"a-spacing-mini\"><span class=\"a-list-item\">Experimente e conhe\u00e7a os benef\u00edcios de um preservativo que ajuda voc\u00ea a ter mais prazer, conforto e naturalidade<\/span><\/li>\n<li class=\"a-spacing-mini\"><span class=\"a-list-item\">Este preservativo \u00e9 lubrificado para que sua rela\u00e7\u00e3o sexual seja melhor e a estimula\u00e7\u00e3o seja aumentada; tamb\u00e9m ajuda a evitar irrita\u00e7\u00f5es, pois proporciona uma experi\u00eancia mais suave e confort\u00e1vel<\/span><\/li>\n<li class=\"a-spacing-mini\"><span class=\"a-list-item\">Este produto \u00e9 feito de l\u00e1tex para oferecer a seguran\u00e7a que voc\u00ea procura<\/span><\/li>\n<li class=\"a-spacing-mini\"><span class=\"a-list-item\">Este produto est\u00e1 dispon\u00edvel em embalagens de 8, 6 e 3 unidades<\/span><\/li>\n<li class=\"a-spacing-mini\"><span class=\"a-list-item\">O preservativo \u00e9 o \u00fanico m\u00e9todo contraceptivo que previne doen\u00e7as sexualmente transmiss\u00edveis, al\u00e9m de uma gravidez indesejada, portanto, seu uso na privacidade \u00e9 essencial<\/span><\/li>\n<\/ul>\n<div class=\"a-section content\">\n<p><strong>Informa\u00e7\u00f5es de seguran\u00e7a<\/strong><\/p>\n<p>Abrir somente na hora de uso. N\u00e3o compre se a embalagem estiver violada.<\/p>\n<p><strong>Ingredientes<\/strong><\/p>\n<\/div>\n<div class=\"a-section content\">\n<p>L\u00e1tex de borracha natural vulcanizada com enxofre e lubrificante \u00f3leo de silicone.<\/p>\n<p><strong>Instru\u00e7\u00f5es<\/strong><\/p>\n<\/div>\n<div class=\"a-section content\">\n<p>Uso Externo<\/p>\n<\/div>\n","protected":false},"excerpt":{"rendered":"<div class=\"a-row a-size-base a-color-base\">\n<div class=\"a-row\">\n<div class=\"a-section aok-inline-block\">*Enviado pela Amazon<\/div>\n<\/div>\n<div class=\"a-row\"><\/div>\n<\/div>\n<div class=\"a-row a-size-base a-color-secondary puis-interactive-asin-expander-hide\">\n<div class=\"a-row\"><\/div>\n<\/div>\n","protected":false},"featured_media":1291,"comment_status":"open","ping_status":"closed","template":"","meta":[],"product_brand":[],"product_cat":[172],"product_tag":[],"class_list":{"0":"post-1290","1":"product","2":"type-product","3":"status-publish","6":"product_cat-preservativos","8":"first","9":"instock","10":"shipping-taxable","11":"product-type-external"},"_links":{"self":[{"href":"https:\/\/sandra-o.com.br\/loja\/wp-json\/wp\/v2\/product\/1290","targetHints":{"allow":["GET"]}}],"collection":[{"href":"https:\/\/sandra-o.com.br\/loja\/wp-json\/wp\/v2\/product"}],"about":[{"href":"https:\/\/sandra-o.com.br\/loja\/wp-json\/wp\/v2\/types\/product"}],"replies":[{"embeddable":true,"href":"https:\/\/sandra-o.com.br\/loja\/wp-json\/wp\/v2\/comments?post=1290"}],"wp:featuredmedia":[{"embeddable":true,"href":"https:\/\/sandra-o.com.br\/loja\/wp-json\/wp\/v2\/media\/1291"}],"wp:attachment":[{"href":"https:\/\/sandra-o.com.br\/loja\/wp-json\/wp\/v2\/media?parent=1290"}],"wp:term":[{"taxonomy":"product_brand","embeddable":true,"href":"https:\/\/sandra-o.com.br\/loja\/wp-json\/wp\/v2\/product_brand?post=1290"},{"taxonomy":"product_cat","embeddable":true,"href":"https:\/\/sandra-o.com.br\/loja\/wp-json\/wp\/v2\/product_cat?post=1290"},{"taxonomy":"product_tag","embeddable":true,"href":"https:\/\/sandra-o.com.br\/loja\/wp-json\/wp\/v2\/product_tag?post=1290"}],"curies":[{"name":"wp","href":"https:\/\/api.w.org\/{rel}","templated":true}]}}