{"id":1279,"date":"2024-02-18T15:25:55","date_gmt":"2024-02-18T18:25:55","guid":{"rendered":"https:\/\/sandra-o.com.br\/loja\/?post_type=product&#038;p=1279"},"modified":"2025-09-20T17:38:34","modified_gmt":"2025-09-20T20:38:34","slug":"olla-preservativo-lubrificado-leve-8-pague-6","status":"publish","type":"product","link":"https:\/\/sandra-o.com.br\/loja\/produto\/olla-preservativo-lubrificado-leve-8-pague-6\/","title":{"rendered":"Olla Preservativo Lubrificado Leve 8 Pague 6"},"content":{"rendered":"<p>OLLA PRESERVATIVO LUBRIFICADO LEVE 8 PAGUE 6<\/p>\n<p class=\"a-size-base-plus a-text-bold\">O\u00a0 preservativo olla lubrificado \u00e9 a cl\u00e1ssica camisinha masculina lubrificada que n\u00e3o sai de moda. Se voc\u00ea quer uma rela\u00e7\u00e3o confort\u00e1vel e segura, esta \u00e9 a sua melhor pedida. Na rela\u00e7\u00e3o sexual, a camisinha \u00e9 o \u00fanico m\u00e9todo eficaz para evitar a gravidez indesejada e doen\u00e7as sexualmente transmiss\u00edveis, inclusive a aids.<\/p>\n<ul class=\"a-unordered-list a-vertical a-spacing-mini\">\n<li class=\"a-spacing-mini\"><span class=\"a-list-item\">Este produto est\u00e1 dispon\u00edvel em embalagens de 3, 6, 8 e 12 unidades<\/span><\/li>\n<li class=\"a-spacing-mini\"><span class=\"a-list-item\">Este preservativo \u00e9 lubrificado para que sua rela\u00e7\u00e3o sexual seja melhor e a estimula\u00e7\u00e3o seja aumentada; tamb\u00e9m ajuda a evitar irrita\u00e7\u00f5es, pois proporciona uma experi\u00eancia mais suave e confort\u00e1vel<\/span><\/li>\n<li class=\"a-spacing-mini\"><span class=\"a-list-item\">Este produto \u00e9 feito de l\u00e1tex para oferecer a seguran\u00e7a que voc\u00ea procura<\/span><\/li>\n<li class=\"a-spacing-mini\"><span class=\"a-list-item\">Lembre-se de ter uma camisinha olla sempre \u00e0 m\u00e3o, sua seguran\u00e7a e a de seu parceiro s\u00e3o as mais importantes; proteja-se e desfrute de sua privacidade mais!<\/span><\/li>\n<li class=\"a-spacing-mini\"><span class=\"a-list-item\">O preservativo \u00e9 o \u00fanico m\u00e9todo contraceptivo que previne doen\u00e7as sexualmente transmiss\u00edveis, al\u00e9m de uma gravidez indesejada, portanto, seu uso na privacidade \u00e9 essencial<\/span><\/li>\n<\/ul>\n<div id=\"importantInformation_feature_div\" class=\"celwidget\" data-feature-name=\"importantInformation\" data-csa-c-type=\"widget\" data-csa-c-content-id=\"importantInformation\" data-csa-c-slot-id=\"importantInformation_feature_div\" data-csa-c-asin=\"\" data-csa-c-is-in-initial-active-row=\"false\" data-csa-c-id=\"9s9i7d-tp5apy-v5ays1-mxgirv\" data-cel-widget=\"importantInformation_feature_div\">\n<div id=\"important-information\" class=\"a-section a-spacing-extra-large bucket\">\n<h2><strong style=\"font-size: 16px;\">Informa\u00e7\u00f5es de seguran\u00e7a<\/strong><\/h2>\n<div class=\"a-section content\">\n<p>Para preservar a qualidade, proteja este produto do calor, da umidade e da luz.<\/p>\n<p><strong>Ingredientes<\/strong><\/p>\n<\/div>\n<div class=\"a-section content\">\n<p>L\u00e1tex de borracha natural vulcanizada com enxofre e lubrificante \u00f3leo de silicone.<\/p>\n<p><strong>Instru\u00e7\u00f5es<\/strong><\/p>\n<\/div>\n<div class=\"a-section content\">\n<p>Uso externo<\/p>\n<\/div>\n<\/div>\n<\/div>\n","protected":false},"excerpt":{"rendered":"<p>*Enviado pela Amazon<\/p>\n","protected":false},"featured_media":1286,"comment_status":"open","ping_status":"closed","template":"","meta":[],"product_brand":[],"product_cat":[172],"product_tag":[],"class_list":{"0":"post-1279","1":"product","2":"type-product","3":"status-publish","6":"product_cat-preservativos","8":"first","9":"instock","10":"shipping-taxable","11":"product-type-external"},"_links":{"self":[{"href":"https:\/\/sandra-o.com.br\/loja\/wp-json\/wp\/v2\/product\/1279","targetHints":{"allow":["GET"]}}],"collection":[{"href":"https:\/\/sandra-o.com.br\/loja\/wp-json\/wp\/v2\/product"}],"about":[{"href":"https:\/\/sandra-o.com.br\/loja\/wp-json\/wp\/v2\/types\/product"}],"replies":[{"embeddable":true,"href":"https:\/\/sandra-o.com.br\/loja\/wp-json\/wp\/v2\/comments?post=1279"}],"wp:featuredmedia":[{"embeddable":true,"href":"https:\/\/sandra-o.com.br\/loja\/wp-json\/wp\/v2\/media\/1286"}],"wp:attachment":[{"href":"https:\/\/sandra-o.com.br\/loja\/wp-json\/wp\/v2\/media?parent=1279"}],"wp:term":[{"taxonomy":"product_brand","embeddable":true,"href":"https:\/\/sandra-o.com.br\/loja\/wp-json\/wp\/v2\/product_brand?post=1279"},{"taxonomy":"product_cat","embeddable":true,"href":"https:\/\/sandra-o.com.br\/loja\/wp-json\/wp\/v2\/product_cat?post=1279"},{"taxonomy":"product_tag","embeddable":true,"href":"https:\/\/sandra-o.com.br\/loja\/wp-json\/wp\/v2\/product_tag?post=1279"}],"curies":[{"name":"wp","href":"https:\/\/api.w.org\/{rel}","templated":true}]}}