{"id":1105,"date":"2024-02-16T18:27:25","date_gmt":"2024-02-16T21:27:25","guid":{"rendered":"https:\/\/sandra-o.com.br\/loja\/?post_type=product&#038;p=1105"},"modified":"2025-09-04T05:15:11","modified_gmt":"2025-09-04T08:15:11","slug":"libid-gel-men","status":"publish","type":"product","link":"https:\/\/sandra-o.com.br\/loja\/produto\/libid-gel-men\/","title":{"rendered":"Libid Gel Men"},"content":{"rendered":"<p>LIBID GEL MEN<\/p>\n<p><strong>2X mais pot\u00eancia na Cama!<\/strong><\/p>\n<p>Aumento da libido e do desempenho sexual.<\/p>\n<p>O famoso VIAGRA natural.<\/p>\n<p>Acelere a circula\u00e7\u00e3o sangu\u00ednea e tenha uma ere\u00e7\u00e3o mais potente.<\/p>\n<p>Auxilia na preven\u00e7\u00e3o e combate da impot\u00eancia sexual.<\/p>\n<p>Acaba de vez com a ejacula\u00e7\u00e3o precoce.<\/p>\n<p>Deixa o seu p\u00eanis maior e mais grosso.<\/p>\n","protected":false},"excerpt":{"rendered":"<p>Oferecemos o Libid Gel Men de v\u00e1rias formas:<\/p>\n<ul>\n<li>1 Frasco <span style=\"color: #3366ff;\"><a style=\"color: #3366ff;\" href=\"https:\/\/sandra-o.com.br\/loja\/libid-gel-men-1\" target=\"_blank\" rel=\"noopener\">Clique aqui<\/a><\/span><\/li>\n<li>Kit com 3 frascos <span style=\"color: #3366ff;\"><a style=\"color: #3366ff;\" href=\"https:\/\/sandra-o.com.br\/loja\/libid-gel-men-3\" target=\"_blank\" rel=\"noopener\">Clique aqui<\/a><\/span><\/li>\n<li>Kit com 5 frascos <span style=\"color: #3366ff;\"><a style=\"color: #3366ff;\" href=\"https:\/\/sandra-o.com.br\/loja\/libid-gel-men-5\" target=\"_blank\" rel=\"noopener\">Clique aqui<\/a><\/span><\/li>\n<\/ul>\n<p><strong>Escolha o melhor kit para voc\u00ea!<\/strong><\/p>\n","protected":false},"featured_media":1110,"comment_status":"open","ping_status":"closed","template":"","meta":[],"product_brand":[],"product_cat":[167],"product_tag":[],"class_list":{"0":"post-1105","1":"product","2":"type-product","3":"status-publish","6":"product_cat-potencia-sexual","8":"first","9":"instock","10":"shipping-taxable","11":"product-type-external"},"_links":{"self":[{"href":"https:\/\/sandra-o.com.br\/loja\/wp-json\/wp\/v2\/product\/1105","targetHints":{"allow":["GET"]}}],"collection":[{"href":"https:\/\/sandra-o.com.br\/loja\/wp-json\/wp\/v2\/product"}],"about":[{"href":"https:\/\/sandra-o.com.br\/loja\/wp-json\/wp\/v2\/types\/product"}],"replies":[{"embeddable":true,"href":"https:\/\/sandra-o.com.br\/loja\/wp-json\/wp\/v2\/comments?post=1105"}],"wp:featuredmedia":[{"embeddable":true,"href":"https:\/\/sandra-o.com.br\/loja\/wp-json\/wp\/v2\/media\/1110"}],"wp:attachment":[{"href":"https:\/\/sandra-o.com.br\/loja\/wp-json\/wp\/v2\/media?parent=1105"}],"wp:term":[{"taxonomy":"product_brand","embeddable":true,"href":"https:\/\/sandra-o.com.br\/loja\/wp-json\/wp\/v2\/product_brand?post=1105"},{"taxonomy":"product_cat","embeddable":true,"href":"https:\/\/sandra-o.com.br\/loja\/wp-json\/wp\/v2\/product_cat?post=1105"},{"taxonomy":"product_tag","embeddable":true,"href":"https:\/\/sandra-o.com.br\/loja\/wp-json\/wp\/v2\/product_tag?post=1105"}],"curies":[{"name":"wp","href":"https:\/\/api.w.org\/{rel}","templated":true}]}}