{"id":1082,"date":"2024-02-16T15:47:15","date_gmt":"2024-02-16T18:47:15","guid":{"rendered":"https:\/\/sandra-o.com.br\/loja\/?post_type=product&#038;p=1082"},"modified":"2025-09-20T17:28:00","modified_gmt":"2025-09-20T20:28:00","slug":"power-cavalo-gel","status":"publish","type":"product","link":"https:\/\/sandra-o.com.br\/loja\/produto\/power-cavalo-gel\/","title":{"rendered":"Power Cavalo Gel"},"content":{"rendered":"<p>POWER CAVALO GEL<\/p>\n<p>Liberte sua pot\u00eancia com Power Cavalo Gel!<\/p>\n<p>Descubra o segredo para\u00a0 suas ere\u00e7\u00f5es se tornarem verdadeiramente poderosas, proporcionando momentos intensos de prazer. Ganhe a confian\u00e7a para desfrutar de noites que duram at\u00e9 o amanhecer.<\/p>\n<p>ENTENDA PORQUE O POWER CAVALO GEL FUNCIONA<\/p>\n<p>O Power Cavalo Gel \u00e9 rico em elementos que potencializam o crescimento do p\u00eanis atrav\u00e9s da produ\u00e7\u00e3o de testosterona e da melhora do fluxo sangu\u00edneo.<\/p>\n<p>Os componentes ativos penetram no tecido do p\u00eanis e melhoram o fluxo sangu\u00edneo em \u00e1reas genitais e estimulam a expans\u00e3o das veias do p\u00eanis.<\/p>\n<p>A testosterona n\u00e3o s\u00f3 torna suas ere\u00e7\u00f5es mais longas e poderosas como tamb\u00e9m te deixar\u00e1 mais confiante e seguro para voc\u00ea arrasar na hora H.<\/p>\n<p>Sua f\u00f3rmula \u00e9 o que falta no seu dia a dia para regular seu corpo e se tornar um expert na hora H.<\/p>\n<p>Descubra os principais benef\u00edcios do Power gel Cavalo:<\/p>\n<p>MAIOR DISPOSI\u00c7\u00c3O<br \/>\nAl\u00e9m de mais apetite e prazer, o POWER CAVALO GEL deixa voc\u00ea cheio de energia para aproveitar a noite toda sem cansar para voc\u00ea usufruir ao m\u00e1ximo da sua nova pot\u00eancia sexual.<\/p>\n<p>M\u00c1XIMO PRAZER<br \/>\nExperimente orgasmos muito mais intensos e volumosos, e leve seu prazer a um n\u00edvel que voc\u00ea sequer sabia que era poss\u00edvel. Voc\u00ea e sua parceira v\u00e3o se surpreender!<\/p>\n<p>AUMENTO DO P\u00caNIS<br \/>\nA f\u00f3rmula avan\u00e7ada do POWER CAVALO GEL potencializa o desenvolvimento do seu p\u00eanis, promovendo um aumento de at\u00e9 7cm de forma completamente natural.<\/p>\n","protected":false},"excerpt":{"rendered":"<p>Oferecemos o Power Cavalo Gel de v\u00e1rias formas:<\/p>\n<ul>\n<li>1 frasco<\/li>\n<li>Kit com 2 frascos<\/li>\n<li>Kit com 3 frascos<\/li>\n<li>Kit com 4 frascos<\/li>\n<li>Kit com 6 frascos<\/li>\n<\/ul>\n<p><strong>Escolha o melhor kit para voc\u00ea!<\/strong><\/p>\n<p>*FRETE GR\u00c1TIS<\/p>\n","protected":false},"featured_media":1084,"comment_status":"open","ping_status":"closed","template":"","meta":[],"product_brand":[],"product_cat":[167],"product_tag":[],"class_list":{"0":"post-1082","1":"product","2":"type-product","3":"status-publish","6":"product_cat-potencia-sexual","8":"first","9":"instock","10":"shipping-taxable","11":"product-type-external"},"_links":{"self":[{"href":"https:\/\/sandra-o.com.br\/loja\/wp-json\/wp\/v2\/product\/1082","targetHints":{"allow":["GET"]}}],"collection":[{"href":"https:\/\/sandra-o.com.br\/loja\/wp-json\/wp\/v2\/product"}],"about":[{"href":"https:\/\/sandra-o.com.br\/loja\/wp-json\/wp\/v2\/types\/product"}],"replies":[{"embeddable":true,"href":"https:\/\/sandra-o.com.br\/loja\/wp-json\/wp\/v2\/comments?post=1082"}],"wp:featuredmedia":[{"embeddable":true,"href":"https:\/\/sandra-o.com.br\/loja\/wp-json\/wp\/v2\/media\/1084"}],"wp:attachment":[{"href":"https:\/\/sandra-o.com.br\/loja\/wp-json\/wp\/v2\/media?parent=1082"}],"wp:term":[{"taxonomy":"product_brand","embeddable":true,"href":"https:\/\/sandra-o.com.br\/loja\/wp-json\/wp\/v2\/product_brand?post=1082"},{"taxonomy":"product_cat","embeddable":true,"href":"https:\/\/sandra-o.com.br\/loja\/wp-json\/wp\/v2\/product_cat?post=1082"},{"taxonomy":"product_tag","embeddable":true,"href":"https:\/\/sandra-o.com.br\/loja\/wp-json\/wp\/v2\/product_tag?post=1082"}],"curies":[{"name":"wp","href":"https:\/\/api.w.org\/{rel}","templated":true}]}}