{"id":1058,"date":"2024-02-16T13:14:40","date_gmt":"2024-02-16T16:14:40","guid":{"rendered":"https:\/\/sandra-o.com.br\/loja\/?post_type=product&#038;p=1058"},"modified":"2025-09-20T17:39:37","modified_gmt":"2025-09-20T20:39:37","slug":"rosa-amazonica","status":"publish","type":"product","link":"https:\/\/sandra-o.com.br\/loja\/produto\/rosa-amazonica\/","title":{"rendered":"Rosa Amaz\u00f4nica"},"content":{"rendered":"<div class=\"elementor-element elementor-element-138f26af elementor-widget__width-initial elementor-widget elementor-widget-heading\" data-id=\"138f26af\" data-element_type=\"widget\" data-widget_type=\"heading.default\">\n<div class=\"elementor-widget-container\">\n<p class=\"elementor-heading-title elementor-size-default\">ROSA MOSQUETA AMAZ\u00d4NICA<\/p>\n<p class=\"elementor-heading-title elementor-size-default\">O Poder da Amaz\u00f4nia concentrado em um \u00fanico S\u00e9rum.<\/p>\n<\/div>\n<\/div>\n<div class=\"elementor-element elementor-element-60d636e6 elementor-icon-list--layout-traditional elementor-list-item-link-full_width elementor-widget elementor-widget-icon-list\" data-id=\"60d636e6\" data-element_type=\"widget\" data-widget_type=\"icon-list.default\">\n<div class=\"elementor-widget-container\">\n<ul>\n<li>Devolve a Firmeza e Elasticidade a sua Pele<\/li>\n<li><span class=\"elementor-icon-list-text\">Reduz apar\u00eancia das rugas instantaneamente<\/span><\/li>\n<li>Elimina o \u201cP\u00e9 de Galinha\u201d e \u201cBigode Chin\u00eas\u201d<\/li>\n<li>Hidrata\u00e7\u00e3o 24 horas<\/li>\n<li>Clareador de Manchas<\/li>\n<li>Clareia e Uniformiza a Pele<\/li>\n<li>Combate Estrias e Foliculite<\/li>\n<li>11 efeitos em 1 s\u00e9rum<\/li>\n<li>Al\u00edvio das irrita\u00e7\u00f5es<\/li>\n<\/ul>\n<p>Rosa Mosqueta + \u00c1cido Hialur\u00f4nico + Verisol<\/p>\n<\/div>\n<\/div>\n<div class=\"elementor-element elementor-element-70faa7a8 elementor-icon-list--layout-traditional elementor-list-item-link-full_width elementor-widget elementor-widget-icon-list\" data-id=\"70faa7a8\" data-element_type=\"widget\" data-widget_type=\"icon-list.default\">\n<div class=\"elementor-widget-container\">\n<div class=\"elementor-element elementor-element-3a40fc5b elementor-widget__width-initial elementor-widget elementor-widget-heading\" data-id=\"3a40fc5b\" data-element_type=\"widget\" data-widget_type=\"heading.default\">\n<div class=\"elementor-widget-container\">\n<p class=\"elementor-heading-title elementor-size-default\">Desenvolvida e Recomendada por especialistas!<\/p>\n<\/div>\n<\/div>\n<div class=\"elementor-element elementor-element-39471223 elementor-widget__width-initial elementor-widget elementor-widget-text-editor\" data-id=\"39471223\" data-element_type=\"widget\" data-widget_type=\"text-editor.default\">\n<div class=\"elementor-widget-container\">\n<p>A f\u00f3rmula da Rosa Mosqueta cont\u00e9m a exclusiva tecnologia\u00a0<strong>PRO-MOS3D\u00ae<\/strong>\u00a0que proporcionam um toque aveludado deixando sua pele mais lisa e revitalizada com uma mega hidrata\u00e7\u00e3o 3D e\u00a0<strong>resultados j\u00e1 nas primeiras semanas de uso.<\/strong><\/p>\n<\/div>\n<\/div>\n<div class=\"elementor-element elementor-element-2152e2ef elementor-widget-divider--view-line_icon elementor-view-default elementor-widget-divider--element-align-center elementor-widget elementor-widget-divider\" data-id=\"2152e2ef\" data-element_type=\"widget\" data-widget_type=\"divider.default\">\n<div class=\"elementor-widget-container\">\n<div class=\"elementor-divider\">\n<div class=\"elementor-icon elementor-divider__element\"><\/div>\n<\/div>\n<\/div>\n<\/div>\n<\/div>\n<\/div>\n","protected":false},"excerpt":{"rendered":"<p>Oferecemos o Rosa Amaz\u00f4nica de v\u00e1rias formas:<\/p>\n<ul>\n<li>1 frasco + B\u00f4nus<\/li>\n<li>Kit com 3 frascos + B\u00f4nus<\/li>\n<li>Kit com 5 frascos + B\u00f4nus<\/li>\n<li>Kit com 12 frascos + B\u00f4nus<\/li>\n<\/ul>\n<p><strong>Escolha o melhor kit para voc\u00ea!<\/strong><\/p>\n<p class=\"elementor-heading-title elementor-size-default\">Recomendamos de 3 \u00e0 8 frascos para melhores resultados.<\/p>\n<p><strong>*<\/strong>FRETE G\u00c1TIS<\/p>\n","protected":false},"featured_media":1059,"comment_status":"open","ping_status":"closed","template":"","meta":[],"product_brand":[],"product_cat":[166],"product_tag":[],"class_list":{"0":"post-1058","1":"product","2":"type-product","3":"status-publish","6":"product_cat-suplementos","8":"first","9":"instock","10":"shipping-taxable","11":"product-type-external"},"_links":{"self":[{"href":"https:\/\/sandra-o.com.br\/loja\/wp-json\/wp\/v2\/product\/1058","targetHints":{"allow":["GET"]}}],"collection":[{"href":"https:\/\/sandra-o.com.br\/loja\/wp-json\/wp\/v2\/product"}],"about":[{"href":"https:\/\/sandra-o.com.br\/loja\/wp-json\/wp\/v2\/types\/product"}],"replies":[{"embeddable":true,"href":"https:\/\/sandra-o.com.br\/loja\/wp-json\/wp\/v2\/comments?post=1058"}],"wp:featuredmedia":[{"embeddable":true,"href":"https:\/\/sandra-o.com.br\/loja\/wp-json\/wp\/v2\/media\/1059"}],"wp:attachment":[{"href":"https:\/\/sandra-o.com.br\/loja\/wp-json\/wp\/v2\/media?parent=1058"}],"wp:term":[{"taxonomy":"product_brand","embeddable":true,"href":"https:\/\/sandra-o.com.br\/loja\/wp-json\/wp\/v2\/product_brand?post=1058"},{"taxonomy":"product_cat","embeddable":true,"href":"https:\/\/sandra-o.com.br\/loja\/wp-json\/wp\/v2\/product_cat?post=1058"},{"taxonomy":"product_tag","embeddable":true,"href":"https:\/\/sandra-o.com.br\/loja\/wp-json\/wp\/v2\/product_tag?post=1058"}],"curies":[{"name":"wp","href":"https:\/\/api.w.org\/{rel}","templated":true}]}}