{"id":1053,"date":"2024-02-16T12:35:11","date_gmt":"2024-02-16T15:35:11","guid":{"rendered":"https:\/\/sandra-o.com.br\/loja\/?post_type=product&#038;p=1053"},"modified":"2024-05-25T00:45:46","modified_gmt":"2024-05-25T03:45:46","slug":"dream-colageno","status":"publish","type":"product","link":"https:\/\/sandra-o.com.br\/loja\/produto\/dream-colageno\/","title":{"rendered":"Dream Col\u00e1geno"},"content":{"rendered":"<div class=\"elementor-element elementor-element-2044e14 m0 elementor-widget elementor-widget-heading\" data-id=\"2044e14\" data-element_type=\"widget\" data-widget_type=\"heading.default\">\n<div class=\"elementor-widget-container\">\n<p>DREAM COL\u00c1GENO<\/p>\n<p class=\"elementor-heading-title elementor-size-default\">O col\u00e1geno comp\u00f5e 80% da estrutura da pele, e, durante o processo de envelhecimento, diferentes fatores aceleram a diminui\u00e7\u00e3o da produ\u00e7\u00e3o natural, que diminui ap\u00f3s os 25 anos:<\/p>\n<\/div>\n<\/div>\n<div class=\"elementor-widget-container\">\n<p>&nbsp;<\/p>\n<p>Conhe\u00e7a o poder do Dream Col\u00e1geno\u00ae<\/p>\n<\/div>\n<div class=\"elementor-element elementor-element-48ef715e elementor-widget elementor-widget-heading\" data-id=\"48ef715e\" data-element_type=\"widget\" data-widget_type=\"heading.default\">\n<div class=\"elementor-widget-container\">\n<p>&nbsp;<\/p>\n<p class=\"elementor-heading-title elementor-size-default\">O Dream Col\u00e1geno\u00ae atua de dentro para fora, reconstruindo a estrutura da pele, estimulando a produ\u00e7\u00e3o e promovendo a elasticidade, firmeza, redu\u00e7\u00e3o das linhas de express\u00e3o e suaviza\u00e7\u00e3o das celulites, al\u00e9m disso, pode se notar unhas e cabelos mais fortes\u00a0e nutridos como benef\u00edcio.<\/p>\n<p>Benef\u00edcios vis\u00edveis do Dream Col\u00e1geno:<\/p>\n<\/div>\n<div class=\"has_eae_slider elementor-column elementor-col-25 elementor-inner-column elementor-element elementor-element-3cc401ca\" data-id=\"3cc401ca\" data-element_type=\"column\">\n<div class=\"elementor-widget-wrap elementor-element-populated\">\n<div class=\"elementor-element elementor-element-10f2e0a3 elementor-vertical-align-middle elementor-position-top elementor-widget elementor-widget-image-box\" data-id=\"10f2e0a3\" data-element_type=\"widget\" data-widget_type=\"image-box.default\">\n<div class=\"elementor-widget-container\">\n<div class=\"elementor-image-box-wrapper\">\n<div class=\"elementor-image-box-content\">\n<ul>\n<li class=\"elementor-image-box-title\">Aumenta elasticidade<\/li>\n<li class=\"elementor-image-box-title\">Melhora a apar\u00eancia<\/li>\n<li class=\"elementor-image-box-title\">Reduz a celulite<\/li>\n<li class=\"elementor-image-box-title\">Torna as unhas mais saud\u00e1veis<\/li>\n<li class=\"elementor-image-box-title\">Hidrata profundamente a pele<\/li>\n<li class=\"elementor-image-box-title\">Combate as linhas de express\u00e3o<\/li>\n<li class=\"elementor-image-box-title\">Diminui as rugas e bigode chin\u00eas<\/li>\n<li class=\"elementor-image-box-title\">Proporciona brilho e firmeza para a pele<\/li>\n<li class=\"elementor-image-box-title\">Retarda o envelhecimento<\/li>\n<\/ul>\n<\/div>\n<\/div>\n<\/div>\n<\/div>\n<\/div>\n<\/div>\n<div class=\"has_eae_slider elementor-column elementor-col-25 elementor-inner-column elementor-element elementor-element-1a081b58\" data-id=\"1a081b58\" data-element_type=\"column\">\n<div class=\"elementor-widget-wrap elementor-element-populated\">\n<div class=\"elementor-element elementor-element-24796702 elementor-vertical-align-middle elementor-position-top elementor-widget elementor-widget-image-box\" data-id=\"24796702\" data-element_type=\"widget\" data-widget_type=\"image-box.default\">\n<div class=\"elementor-widget-container\">\n<div class=\"elementor-image-box-wrapper\">\n<div class=\"elementor-image-box-content\"><\/div>\n<\/div>\n<\/div>\n<\/div>\n<\/div>\n<\/div>\n<div class=\"has_eae_slider elementor-column elementor-col-25 elementor-inner-column elementor-element elementor-element-531bd569\" data-id=\"531bd569\" data-element_type=\"column\">\n<div class=\"elementor-widget-wrap elementor-element-populated\">\n<div class=\"elementor-element elementor-element-51e35054 elementor-vertical-align-middle elementor-position-top elementor-widget elementor-widget-image-box\" data-id=\"51e35054\" data-element_type=\"widget\" data-widget_type=\"image-box.default\">\n<div class=\"elementor-widget-container\">\n<div class=\"elementor-image-box-wrapper\">\n<div class=\"elementor-image-box-content\"><\/div>\n<\/div>\n<div class=\"premium-bullet-list-text\"><\/div>\n<\/div>\n<\/div>\n<\/div>\n<\/div>\n<\/div>\n","protected":false},"excerpt":{"rendered":"<p>Oferecemos o Dream Col\u00e1geno de v\u00e1rias formas:<\/p>\n<ul>\n<li>1 pote<\/li>\n<li>Kit com 2 potes<\/li>\n<li>Kit com 3 potes<\/li>\n<li>Kit com 5 potes<\/li>\n<\/ul>\n<p><strong>Escolha o melhor kit para voc\u00ea !<\/strong><\/p>\n<p><strong>*Frete gr\u00e1tis para todo o Brasil!<\/strong><\/p>\n","protected":false},"featured_media":1056,"comment_status":"open","ping_status":"closed","template":"","meta":[],"product_brand":[],"product_cat":[166],"product_tag":[],"class_list":{"0":"post-1053","1":"product","2":"type-product","3":"status-publish","6":"product_cat-suplementos","8":"first","9":"instock","10":"shipping-taxable","11":"product-type-external"},"_links":{"self":[{"href":"https:\/\/sandra-o.com.br\/loja\/wp-json\/wp\/v2\/product\/1053","targetHints":{"allow":["GET"]}}],"collection":[{"href":"https:\/\/sandra-o.com.br\/loja\/wp-json\/wp\/v2\/product"}],"about":[{"href":"https:\/\/sandra-o.com.br\/loja\/wp-json\/wp\/v2\/types\/product"}],"replies":[{"embeddable":true,"href":"https:\/\/sandra-o.com.br\/loja\/wp-json\/wp\/v2\/comments?post=1053"}],"wp:featuredmedia":[{"embeddable":true,"href":"https:\/\/sandra-o.com.br\/loja\/wp-json\/wp\/v2\/media\/1056"}],"wp:attachment":[{"href":"https:\/\/sandra-o.com.br\/loja\/wp-json\/wp\/v2\/media?parent=1053"}],"wp:term":[{"taxonomy":"product_brand","embeddable":true,"href":"https:\/\/sandra-o.com.br\/loja\/wp-json\/wp\/v2\/product_brand?post=1053"},{"taxonomy":"product_cat","embeddable":true,"href":"https:\/\/sandra-o.com.br\/loja\/wp-json\/wp\/v2\/product_cat?post=1053"},{"taxonomy":"product_tag","embeddable":true,"href":"https:\/\/sandra-o.com.br\/loja\/wp-json\/wp\/v2\/product_tag?post=1053"}],"curies":[{"name":"wp","href":"https:\/\/api.w.org\/{rel}","templated":true}]}}