{"id":1047,"date":"2024-02-16T12:05:02","date_gmt":"2024-02-16T15:05:02","guid":{"rendered":"https:\/\/sandra-o.com.br\/loja\/?post_type=product&#038;p=1047"},"modified":"2025-10-08T09:58:55","modified_gmt":"2025-10-08T12:58:55","slug":"amora-miura","status":"publish","type":"product","link":"https:\/\/sandra-o.com.br\/loja\/produto\/amora-miura\/","title":{"rendered":"Amora Mi\u00fara"},"content":{"rendered":"<div class=\"elementor-element elementor-element-1eb367b9 m0 elementor-widget elementor-widget-heading\" data-id=\"1eb367b9\" data-element_type=\"widget\" data-widget_type=\"heading.default\">\n<div class=\"elementor-widget-container\">\n<p>AMORA MI\u00daRA + VIT<\/p>\n<p class=\"elementor-heading-title elementor-size-default\">F\u00f3rmula 100% natural e livre de Horm\u00f4nios<\/p>\n<\/div>\n<\/div>\n<div class=\"elementor-element elementor-element-3cf6f846 m0 elementor-widget elementor-widget-heading\" data-id=\"3cf6f846\" data-element_type=\"widget\" data-widget_type=\"heading.default\">\n<div class=\"elementor-widget-container\">\n<p class=\"elementor-heading-title elementor-size-default\">N\u00e3o se preocupe,\u00a0<b>a Amora Mi\u00fara + Vit ir\u00e1 funcionar com voc\u00ea tamb\u00e9m<\/b>, isso porque selecionamos os ingredientes certos, na quantidade certa, todos 100% naturais.<\/p>\n<p>Ingredientes encontrados\u00a0no produto:<\/p>\n<p class=\"elementor-image-box-title\">EXTRATO CONCENTRADO DA AMORA MI\u00daRA<\/p>\n<p class=\"elementor-image-box-description\">\u00c9 o principal ativo recomendado por m\u00e9dicos e nutricionistas para o combate aos sintomas da Menopausa: ondas de calor (Fogachos), ins\u00f4nia, dores no corpo, falta de disposi\u00e7\u00e3o etc.<\/p>\n<p class=\"elementor-image-box-title\">VITAMINA A<\/p>\n<p class=\"elementor-image-box-description\">A vitamina A \u00e9 um verdadeiro tesouro para a sa\u00fade da pele, pois ajuda na s\u00edntese de melanina, defesa natural do corpo contra o envelhecimento precoce e o aparecimento de rugas e linhas de express\u00e3o.<\/p>\n<p class=\"elementor-image-box-title\">VITAMINAS DO COMPLEXO B<\/p>\n<p class=\"elementor-image-box-description\">Auxilia na diminui\u00e7\u00e3o do est\u00f4mago alto, na reten\u00e7\u00e3o de l\u00edquidos e na melhor do funcionamento do intestino, gra\u00e7as a sua alta capacidade diur\u00e9tica e reguladora intestinal.<\/p>\n<p class=\"elementor-image-box-title\">VITAMINA C<\/p>\n<p class=\"elementor-image-box-description\">A vitamina C \u00e9 essencial para a forma\u00e7\u00e3o de col\u00e1geno nos ossos, tecido conjuntivo e vasos sangu\u00edneos, que auxilia na imunidade da mulher e a reduzir a forma\u00e7\u00e3o de subst\u00e2ncias causadoras de c\u00e2ncer no corpo.<\/p>\n<div class=\"elementor-element elementor-element-6c2d1e5 elementor-widget elementor-widget-heading\" data-id=\"6c2d1e5\" data-element_type=\"widget\" data-settings=\"{&quot;motion_fx_motion_fx_scrolling&quot;:&quot;yes&quot;,&quot;_animation_mobile&quot;:&quot;fadeInLeft&quot;,&quot;motion_fx_devices&quot;:[&quot;desktop&quot;,&quot;tablet&quot;,&quot;mobile&quot;]}\" data-widget_type=\"heading.default\">\n<div class=\"elementor-widget-container\">\n<p class=\"elementor-heading-title elementor-size-default\">AMORA MI\u00daRA + VIT \u00e9 100% Seguro!<\/p>\n<\/div>\n<\/div>\n<div class=\"elementor-element elementor-element-4ce9b6b5 elementor-widget elementor-widget-heading\" data-id=\"4ce9b6b5\" data-element_type=\"widget\" data-settings=\"{&quot;_animation_mobile&quot;:&quot;fadeIn&quot;}\" data-widget_type=\"heading.default\">\n<div class=\"elementor-widget-container\">\n<p class=\"elementor-heading-title elementor-size-default\">Queremos te ver livre dos sintomas da Menopausa que tanto te aterroriza, mas queremos que voc\u00ea conquiste isso e muito mais, sem colocar a sua sa\u00fade em risco.<\/p>\n<p>Por isso desenvolvemos Amora mi\u00fara + vit dentro dos termos de regulamenta\u00e7\u00e3o de acordo com a resolu\u00e7\u00e3o da ANVISA RDC 240\/2018 passando nos testes mais rigorosos do \u00f3rg\u00e3o, garantindo assim seguran\u00e7a e qualidade em sua fabrica\u00e7\u00e3o.<\/p>\n<\/div>\n<\/div>\n<p>&nbsp;<\/p>\n<\/div>\n<\/div>\n","protected":false},"excerpt":{"rendered":"<p>Oferecemos a Amora M\u00edura de v\u00e1rias formas:<\/p>\n<ul>\n<li>1 pote<\/li>\n<li>Kit com 3 potes<\/li>\n<li>Kit com 5 potes<\/li>\n<li>Kit com 10 potes<\/li>\n<\/ul>\n<p class=\"elementor-heading-title elementor-size-default\"><strong>Escolha o melhor kit para voc\u00ea!<\/strong><\/p>\n<p>Recomendamos de 3 \u00e0 5 frascos para melhores resultados!<\/p>\n<p><strong>*<\/strong>FRETE GR\u00c1TIS<\/p>\n","protected":false},"featured_media":1048,"comment_status":"open","ping_status":"closed","template":"","meta":[],"product_brand":[],"product_cat":[166],"product_tag":[],"class_list":{"0":"post-1047","1":"product","2":"type-product","3":"status-publish","6":"product_cat-suplementos","8":"first","9":"instock","10":"shipping-taxable","11":"product-type-external"},"_links":{"self":[{"href":"https:\/\/sandra-o.com.br\/loja\/wp-json\/wp\/v2\/product\/1047","targetHints":{"allow":["GET"]}}],"collection":[{"href":"https:\/\/sandra-o.com.br\/loja\/wp-json\/wp\/v2\/product"}],"about":[{"href":"https:\/\/sandra-o.com.br\/loja\/wp-json\/wp\/v2\/types\/product"}],"replies":[{"embeddable":true,"href":"https:\/\/sandra-o.com.br\/loja\/wp-json\/wp\/v2\/comments?post=1047"}],"wp:featuredmedia":[{"embeddable":true,"href":"https:\/\/sandra-o.com.br\/loja\/wp-json\/wp\/v2\/media\/1048"}],"wp:attachment":[{"href":"https:\/\/sandra-o.com.br\/loja\/wp-json\/wp\/v2\/media?parent=1047"}],"wp:term":[{"taxonomy":"product_brand","embeddable":true,"href":"https:\/\/sandra-o.com.br\/loja\/wp-json\/wp\/v2\/product_brand?post=1047"},{"taxonomy":"product_cat","embeddable":true,"href":"https:\/\/sandra-o.com.br\/loja\/wp-json\/wp\/v2\/product_cat?post=1047"},{"taxonomy":"product_tag","embeddable":true,"href":"https:\/\/sandra-o.com.br\/loja\/wp-json\/wp\/v2\/product_tag?post=1047"}],"curies":[{"name":"wp","href":"https:\/\/api.w.org\/{rel}","templated":true}]}}