{"id":1031,"date":"2024-02-15T20:38:35","date_gmt":"2024-02-15T23:38:35","guid":{"rendered":"https:\/\/sandra-o.com.br\/loja\/?post_type=product&#038;p=1031"},"modified":"2024-05-25T00:54:46","modified_gmt":"2024-05-25T03:54:46","slug":"viver-a-menopausa-naturalmente","status":"publish","type":"product","link":"https:\/\/sandra-o.com.br\/loja\/produto\/viver-a-menopausa-naturalmente\/","title":{"rendered":"Viver a Menopausa Naturalmente"},"content":{"rendered":"<p>Voc\u00ea est\u00e1 cansada de sentir ondas de calor, ins\u00f4nia, queda de cabelo, secura vaginal, perda de libido, pele seca, perda de mem\u00f3ria, altera\u00e7\u00f5es de humor e outros sintomas que aparecem na menopausa?<\/p>\n<p>Viver a Menopausa Naturalmente \u00e9 uma verdadeira fonte de informa\u00e7\u00e3o. \u00c9 uma fonte \u00fanica, porque nela \u00e9 poss\u00edvel encontrar, de maneira clara e objetiva, a informa\u00e7\u00e3o necess\u00e1ria para voc\u00ea entender o que \u00e9 menopausa, como e porque ela ocorre, e, principalmente o que voc\u00ea pode fazer para aliviar os sintomas da menopausa.<\/p>\n<p>Viver a Menopausa Naturalmente cont\u00e9m mais de 350 dicas totalmente naturais de como aliviar os sintomas da menopausa.<\/p>\n<p>Al\u00e9m de serem baseadas na minha pr\u00f3pria experi\u00eancia, as informa\u00e7\u00f5es contidas em Viver a Menopausa Naturalmente foram cuidadosamente pesquisadas em documentos, artigos e base de dados cient\u00edficos.<\/p>\n<p>As informa\u00e7\u00f5es e as dicas contidas em Viver a Menopausa Naturalmente v\u00e3o ajudar voc\u00ea a aliviar os sintomas da menopausa e a melhorar a sua qualidade de vida.<\/p>\n<p>Conte\u00fado de Viver a Menopausa Naturalmente:<br \/>\nParte 1 &#8211; Menstrua\u00e7\u00e3o \u2013 Menopausa \u2013 Climat\u00e9rio<br \/>\nParte 2 \u2013 Sintomas Menopausa\/Envelhecimento \u2013 Doen\u00e7as \u2013 Diagn\u00f3stico<br \/>\nParte 3 &#8211; Terapias alternativas<br \/>\nParte 4 &#8211; Aliviando os sintomas<br \/>\nParte 5 &#8211; Menopausa e Sa\u00fade sexual<br \/>\nParte 6 \u2013 Minha intimidade<\/p>\n<p>Vantagens de Viver a Menopausa Naturalmente:<br \/>\n*Cont\u00e9m toda informa\u00e7\u00e3o necess\u00e1ria f\u00e1cil de entender<br \/>\n*Toda informa\u00e7\u00e3o \u00e9 reunida em um s\u00f3 lugar<br \/>\n*Informa\u00e7\u00f5es baseadas em artigos cient\u00edficos<br \/>\n*Produtos indicados s\u00e3o totalmente naturais<br \/>\n*Terapias e produtos indicados s\u00e3o absolutamente acess\u00edveis e f\u00e1ceis de usar<\/p>\n","protected":false},"excerpt":{"rendered":"<p>Por Sandra O (Autor)<\/p>\n<p>Ebook dedicado \u00e0s mulheres que sofrem com sintomas da menopausa.<\/p>\n<p>No ebook Viver a Menopausa Naturalmente, voc\u00ea encontra <strong>mais de 350 dicas<\/strong> para aliviar os sintomas de forma natural e totalmente segura.Voc\u00ea est\u00e1 sofrendo com os sintomas da menopausa?<\/p>\n","protected":false},"featured_media":1125,"comment_status":"open","ping_status":"closed","template":"","meta":[],"product_brand":[],"product_cat":[160],"product_tag":[],"class_list":{"0":"post-1031","1":"product","2":"type-product","3":"status-publish","6":"product_cat-ebook","8":"first","9":"instock","10":"shipping-taxable","11":"product-type-external"},"_links":{"self":[{"href":"https:\/\/sandra-o.com.br\/loja\/wp-json\/wp\/v2\/product\/1031","targetHints":{"allow":["GET"]}}],"collection":[{"href":"https:\/\/sandra-o.com.br\/loja\/wp-json\/wp\/v2\/product"}],"about":[{"href":"https:\/\/sandra-o.com.br\/loja\/wp-json\/wp\/v2\/types\/product"}],"replies":[{"embeddable":true,"href":"https:\/\/sandra-o.com.br\/loja\/wp-json\/wp\/v2\/comments?post=1031"}],"wp:featuredmedia":[{"embeddable":true,"href":"https:\/\/sandra-o.com.br\/loja\/wp-json\/wp\/v2\/media\/1125"}],"wp:attachment":[{"href":"https:\/\/sandra-o.com.br\/loja\/wp-json\/wp\/v2\/media?parent=1031"}],"wp:term":[{"taxonomy":"product_brand","embeddable":true,"href":"https:\/\/sandra-o.com.br\/loja\/wp-json\/wp\/v2\/product_brand?post=1031"},{"taxonomy":"product_cat","embeddable":true,"href":"https:\/\/sandra-o.com.br\/loja\/wp-json\/wp\/v2\/product_cat?post=1031"},{"taxonomy":"product_tag","embeddable":true,"href":"https:\/\/sandra-o.com.br\/loja\/wp-json\/wp\/v2\/product_tag?post=1031"}],"curies":[{"name":"wp","href":"https:\/\/api.w.org\/{rel}","templated":true}]}}